{"id":16181,"date":"2024-11-16T23:56:19","date_gmt":"2024-11-16T20:56:19","guid":{"rendered":"https:\/\/www.blesyum.support\/?page_id=16181"},"modified":"2025-10-06T15:53:05","modified_gmt":"2025-10-06T12:53:05","slug":"mesafeli-satis-sozlesmesi","status":"publish","type":"page","link":"https:\/\/sadewoodenlights.com\/en\/mesafeli-satis-sozlesmesi\/","title":{"rendered":"Distance Sales Contract"},"content":{"rendered":"\t\t<div data-elementor-type=\"wp-page\" data-elementor-id=\"16181\" class=\"elementor elementor-16181\">\n\t\t\t\t<div class=\"wd-negative-gap elementor-element elementor-element-7c1c5ca1 e-flex e-con-boxed e-con e-parent\" data-id=\"7c1c5ca1\" data-element_type=\"container\" data-e-type=\"container\">\n\t\t\t\t\t<div class=\"e-con-inner\">\n\t\t\t\t<div class=\"elementor-element elementor-element-3edb97dc color-scheme-inherit text-left elementor-widget elementor-widget-text-editor\" data-id=\"3edb97dc\" data-element_type=\"widget\" data-e-type=\"widget\" data-widget_type=\"text-editor.default\">\n\t\t\t\t<div class=\"elementor-widget-container\">\n\t\t\t\t\t\t\t\t\t\n<p><strong>MESAFEL\u0130 SATI\u015e S\u00d6ZLE\u015eMES\u0130<\/strong><\/p>\n<ol>\n<li><strong> TANIMLAR<\/strong><\/li>\n<\/ol>\n<p><strong>Sat\u0131c\u0131: <\/strong>Kamu t\u00fczel ki\u015fileri de dahil olmak \u00fczere ticari veya mesleki ama\u00e7larla t\u00fcketiciye mal sunan ya da mal sunan\u0131n ad\u0131na ya da hesab\u0131na hareket eden ger\u00e7ek veya t\u00fczel ki\u015fiyi,<\/p>\n<p><strong>T\u00fcketici, Al\u0131c\u0131: <\/strong>Ticari veya mesleki olmayan ama\u00e7larla hareket eden ger\u00e7ek veya t\u00fczel ki\u015fiyi,<\/p>\n<p><strong>Mal\/\u00dcr\u00fcn: <\/strong>Al\u0131\u015fveri\u015fe konu olan; ta\u015f\u0131n\u0131r e\u015fya, konut veya tatil ama\u00e7l\u0131 ta\u015f\u0131nmaz mallar ile elektronik ortamda kullan\u0131lmak \u00fczere haz\u0131rlanan yaz\u0131l\u0131m, ses, g\u00f6r\u00fcnt\u00fc ve benzeri her t\u00fcrl\u00fc gayri maddi mallar\u0131,<\/p>\n<p><strong>Hizmet: <\/strong>Bir \u00fccret veya menfaat kar\u015f\u0131l\u0131\u011f\u0131nda yap\u0131lan ya da yap\u0131lmas\u0131 taahh\u00fct edilen mal sa\u011flama d\u0131\u015f\u0131ndaki her t\u00fcrl\u00fc t\u00fcketici i\u015fleminin konusunu,<\/p>\n<p><strong>Mesafeli S\u00f6zle\u015fme: <\/strong>Sat\u0131c\u0131 ile t\u00fcketicinin e\u015f zamanl\u0131 fiziksel varl\u0131\u011f\u0131 olmaks\u0131z\u0131n, mal veya hizmetlerin uzaktan pazarlanmas\u0131na y\u00f6nelik olarak olu\u015fturulmu\u015f bir sistem \u00e7er\u00e7evesinde, taraflar aras\u0131nda s\u00f6zle\u015fmenin kuruldu\u011fu ana kadar ve kuruldu\u011fu an da dahil olmak \u00fczere uzaktan ileti\u015fim ara\u00e7lar\u0131n\u0131n kullan\u0131lmas\u0131 suretiyle kurulan s\u00f6zle\u015fmeleri,<\/p>\n<p><strong>Kal\u0131c\u0131 Veri Saklay\u0131c\u0131s\u0131: <\/strong>T\u00fcketicinin g\u00f6nderdi\u011fi veya kendisine g\u00f6nderilen bilgiyi, bu bilginin amac\u0131na uygun olarak makul bir s\u00fcre incelemesine elverecek \u015fekilde kaydedilmesini ve de\u011fi\u015ftirilmeden kopyalanmas\u0131n\u0131 sa\u011flayan ve bu bilgiye aynen ula\u015f\u0131lmas\u0131na imk\u00e2n veren k\u0131sa mesaj, elektronik posta, internet, disk, CD, DVD, haf\u0131za kart\u0131 ve benzeri her t\u00fcrl\u00fc ara\u00e7 veya ortam\u0131<\/p>\n<p>\u0130fade eder.<\/p>\n<ol start=\"2\">\n<li><strong> S\u00d6ZLE\u015eMEN\u0130N KONUSU VE TARAFLAR<\/strong><\/li>\n<\/ol>\n<p><strong>2.1 <\/strong>\u0130\u015fbu s\u00f6zle\u015fme, a\u015fa\u011f\u0131da detay bilgileri bulunan ALICI\u2019n\u0131n, SATICI taraf\u0131ndan i\u015fletilmekte olan http:\/\/sadewoodenlights.com\/ (bundan sonra \u0130NTERNET S\u0130TES\u0130 olarak an\u0131lacakt\u0131r) internet sitesi \u00fczerinden yapm\u0131\u015f oldu\u011fu \u00fcr\u00fcn ve hizmetlerin sat\u0131\u015f\u0131 ve \u00fcr\u00fcnlerin teslimat adresine g\u00f6nderimi ile ilgili olarak T\u00fcketicilerin Korunmas\u0131 Hakk\u0131ndaki Kanun ve Mesafeli S\u00f6zle\u015fmeler Y\u00f6netmeli\u011fi h\u00fck\u00fcmleri gere\u011fince taraflar\u0131n hak, hukuk ve y\u00fck\u00fcml\u00fcl\u00fcklerini belirler. S\u00f6zle\u015fmede h\u00fck\u00fcm bulunmayan hallerde yasal mevzuat h\u00fck\u00fcmleri uygulan\u0131r.<\/p>\n<p><strong>2.2 <\/strong>Al\u0131c\u0131, sat\u0131\u015fa konu mal veya hizmetlerin temel nitelikleri, sat\u0131\u015f fiyat\u0131, \u00f6deme \u015fekli, teslimat ko\u015fullar\u0131 ve sat\u0131\u015fa konu mal veya hizmetler ile ilgili t\u00fcm \u00f6n bilgiler ve cayma hakk\u0131 konusunda bilgi sahibi oldu\u011funu, bu \u00f6n bilgileri elektronik ortamda teyit etti\u011fini ve sonras\u0131nda mal veya hizmetleri sipari\u015f verdi\u011fini i\u015f bu s\u00f6zle\u015fme h\u00fck\u00fcmlerince kabul ve beyan eder. \u0130nternet sitesinin \u00f6deme sayfas\u0131nda yer alan \u00f6n bilgilendirme formu ve fatura i\u015fbu s\u00f6zle\u015fmenin ayr\u0131lmaz par\u00e7alar\u0131d\u0131r.<\/p>\n<p><strong>2.3 Sat\u0131c\u0131 Bilgileri<\/strong><\/p>\n<table width=\"100%\">\n<tbody>\n<tr>\n<td width=\"40%\">\n<p><br \/><strong>Unvan\u0131:<\/strong><br \/><br \/><\/p>\n<\/td>\n<td width=\"60%\">\n<p><br \/><strong>SADE AYDINLATMA \u00dcR\u00dcNLER\u0130 SANAY\u0130 VE T\u0130CARET ANON\u0130M \u015e\u0130RKET\u0130<\/strong><br \/><br \/><\/p>\n<\/td>\n<\/tr>\n<tr>\n<td>\n<p><br \/><strong>Adresi:<\/strong><br \/><br \/><\/p>\n<\/td>\n<td>\n<p><br \/><strong>FERHATPA\u015eA MAH. 9. SK. NO: 11 A ATA\u015eEH\u0130R\/ \u0130STANBUL<\/strong><br \/><br \/><\/p>\n<\/td>\n<\/tr>\n<tr>\n<td>\n<p><br \/><strong>Telefon Numaras\u0131<\/strong><br \/><br \/><\/p>\n<\/td>\n<td>\n<p><br \/><strong>0216 471 22 40<\/strong><br \/><br \/><\/p>\n<\/td>\n<\/tr>\n<tr>\n<td>\n<p><br \/><strong>MERS\u0130S Numaras\u0131<\/strong><br \/><br \/><\/p>\n<\/td>\n<td>\n<p><br \/><strong>0736190747400001<\/strong><br \/><br \/><\/p>\n<\/td>\n<\/tr>\n<\/tbody>\n<\/table>\n<p><br \/><br \/><\/p>\n<p><strong>2.4 Al\u0131c\u0131 Bilgileri<\/strong><\/p>\n<table width=\"100%\">\n<tbody>\n<tr>\n<td width=\"40%\">\n<p><br \/><strong>Ad\u0131 Soyad\u0131\/Unvan\u0131:<\/strong><br \/><br \/><\/p>\n<\/td>\n<td width=\"60%\">\n<p><br \/><strong>[-1-]<\/strong><br \/><br \/><\/p>\n<\/td>\n<\/tr>\n<tr>\n<td>\n<p><br \/><strong>Adresi:<\/strong><br \/><br \/><\/p>\n<\/td>\n<td>\n<p><br \/><strong>[-2-]<\/strong><br \/><br \/><\/p>\n<\/td>\n<\/tr>\n<tr>\n<td>\n<p><br \/><strong>Telefon Numaras\u0131<\/strong><br \/><br \/><\/p>\n<\/td>\n<td>\n<p><br \/><strong>[-3-]<\/strong><br \/><br \/><\/p>\n<\/td>\n<\/tr>\n<tr>\n<td>\n<p><br \/><strong>E-posta adresi<\/strong><br \/><br \/><\/p>\n<\/td>\n<td>\n<p><br \/><strong>[-4-]<\/strong><br \/><br \/><\/p>\n<\/td>\n<\/tr>\n<\/tbody>\n<\/table>\n<p><br \/><br \/><\/p>\n<ol start=\"3\">\n<li><strong> S\u00d6ZLE\u015eME KONUSU \u00dcR\u00dcN VE H\u0130ZMETLER<\/strong><\/li>\n<\/ol>\n<table width=\"100%\">\n<tbody>\n<tr>\n<td width=\"40%\">\n<p><br \/><strong>\u00dcr\u00fcn\/Hizmet:<\/strong><br \/><br \/><\/p>\n<\/td>\n<td width=\"60%\">\n<p><br \/><strong>[-5-]<\/strong><br \/><br \/><\/p>\n<\/td>\n<\/tr>\n<tr>\n<td>\n<p><br \/><strong>\u00dcr\u00fcn\/Hizmet Detay\u0131:<\/strong><br \/><br \/><\/p>\n<\/td>\n<td>\n<p><br \/><strong>[-6-]<\/strong><br \/><br \/><\/p>\n<\/td>\n<\/tr>\n<tr>\n<td>\n<p><br \/><strong>\u00dcr\u00fcn\/Hizmet Adedi<\/strong><br \/><br \/><\/p>\n<\/td>\n<td>\n<p><br \/><strong>[-7-]<\/strong><br \/><br \/><\/p>\n<\/td>\n<\/tr>\n<tr>\n<td>\n<p><br \/><strong>Toplam KDV:<\/strong><br \/><br \/><\/p>\n<\/td>\n<td>\n<p><br \/><strong>[-8-]<\/strong><br \/><br \/><\/p>\n<\/td>\n<\/tr>\n<tr>\n<td>\n<p><br \/><strong>\u00dcr\u00fcn Teslim\/Kargo \u00dccreti:<\/strong><br \/><br \/><\/p>\n<\/td>\n<td>\n<p><br \/><strong>[-9.1-]<\/strong><br \/><br \/><\/p>\n<\/td>\n<\/tr>\n<tr>\n<td>\n<p><br \/><strong>KDV Dahil Toplam Tutar<\/strong><br \/><br \/><\/p>\n<\/td>\n<td>\n<p><br \/><strong>[-10-]<\/strong><br \/><br \/><\/p>\n<\/td>\n<\/tr>\n<\/tbody>\n<\/table>\n<p><br \/><br \/><\/p>\n<ol start=\"4\">\n<li><strong> TESL\u0130MAT<\/strong><\/li>\n<\/ol>\n<p><strong>4.1 <\/strong>\u0130nternet sitesi \u00fczerinden hizmet sat\u0131\u015flar\u0131nda, hizmetin niteli\u011fine g\u00f6re an\u0131nda ifa ve teslim ger\u00e7ekle\u015ftirilir. B\u00f6yle bir durumda fatura kal\u0131c\u0131 veri saklay\u0131c\u0131s\u0131 arac\u0131 ile al\u0131c\u0131ya g\u00f6nderilir.<\/p>\n<p><strong>4.2 <\/strong>\u0130nternet sitesi \u00fczerinden \u00fcr\u00fcn sat\u0131\u015flar\u0131nda \u00fcr\u00fcn, al\u0131c\u0131n\u0131n internet sitesi \u00fczerinde belirtti\u011fi teslimat adresine veya kendisinin y\u00f6nlendirdi\u011fi adresteki ki\u015fi\/kuruma, faturas\u0131yla birlikte en ge\u00e7 30 g\u00fcn i\u00e7inde teslim edilir. Teslim, kargo masraflar\u0131 al\u0131c\u0131ya aittir. \u0130\u015fbu y\u00fck\u00fcml\u00fcl\u00fc\u011f\u00fcn\u00fcn yerine getirilmemesi durumunda al\u0131c\u0131, s\u00f6zle\u015fmeyi feshedebilir. S\u00f6zle\u015fmenin feshi durumunda, sat\u0131c\u0131 tahsil edilen t\u00fcm \u00f6demeleri fesih bildiriminin kendisine ula\u015ft\u0131\u011f\u0131 tarihten itibaren 14 g\u00fcn i\u00e7inde al\u0131c\u0131ya iade eder.<\/p>\n<p><strong>4.3 <\/strong>Sipari\u015f konusu mal ya da hizmet ediminin yerine getirilmesinin imkans\u0131zla\u015ft\u0131\u011f\u0131 hallerde sat\u0131c\u0131 bu durumu \u00f6\u011frendi\u011fi tarihten itibaren \u00fc\u00e7 g\u00fcn i\u00e7inde al\u0131c\u0131ya kal\u0131c\u0131 veri saklay\u0131c\u0131s\u0131 ile bildirecek, varsa teslimat masraflar\u0131 da d\u00e2hil olmak \u00fczere tahsil edilen t\u00fcm \u00f6demeleri bildirim tarihinden itibaren en ge\u00e7 on d\u00f6rt g\u00fcn i\u00e7inde iade edecektir.<\/p>\n<p><strong>4.4 <\/strong>Al\u0131c\u0131, \u00fcr\u00fcn\u00fc teslim ald\u0131\u011f\u0131 anda kontrol etmekle ve \u00fcr\u00fcnde kargodan kaynaklanan bir sorun g\u00f6rd\u00fc\u011f\u00fcnde, \u00fcr\u00fcn\u00fc kabul etmemekle ve kargo firmas\u0131 yetkilisine tutanak tutturmakla sorumludur. Aksi halde sat\u0131c\u0131 sorumluluk kabul etmeyecektir.<\/p>\n<ol start=\"5\">\n<li><strong> \u00d6DEME \u015eEKL\u0130<\/strong><\/li>\n<\/ol>\n<p><strong>5.1 <\/strong>Al\u0131c\u0131, kendi anla\u015fmal\u0131 oldu\u011fu Bankas\u0131 ile internet sitesi \u00fczerinden kredi kart\u0131 ile taksitli al\u0131\u015fveri\u015f yapabilir. Bu durumdaki al\u0131\u015fveri\u015f, do\u011frudan an\u0131lan kurulu\u015fca sa\u011flanm\u0131\u015f taksitli \u00f6deme imkan\u0131d\u0131r; bu \u00e7er\u00e7evede ger\u00e7ekle\u015fen sat\u0131\u015flar i\u015fbu s\u00f6zle\u015fmenin taraflar\u0131 y\u00f6n\u00fcnden taksitli sat\u0131\u015f say\u0131lmaz.<\/p>\n<table width=\"100%\">\n<tbody>\n<tr>\n<td width=\"40%\">\n<p><br \/><strong>\u00d6deme \u015eekli:<\/strong><br \/><br \/><\/p>\n<\/td>\n<td width=\"60%\">\n<p><br \/><strong>Kredi kart\u0131 ile \u00f6deme<\/strong><br \/><br \/><\/p>\n<\/td>\n<\/tr>\n<tr>\n<td>\n<p><br \/><strong>Teslim Edilecek Ki\u015fi \/Kurum Ad-Soyad\/Unvan Bilgisi:<\/strong><br \/><br \/><\/p>\n<\/td>\n<td>\n<p><br \/><strong>[-11-]<\/strong><br \/><br \/><\/p>\n<\/td>\n<\/tr>\n<tr>\n<td>\n<p><br \/><strong>Teslim Edilecek Ki\u015fi\/Kurum Telefon Numaras\u0131: <\/strong><br \/><br \/><\/p>\n<\/td>\n<td>\n<p><br \/><strong>[-12-]<\/strong><br \/><br \/><\/p>\n<\/td>\n<\/tr>\n<tr>\n<td>\n<p><br \/><strong>Teslimat Adresi:<\/strong><br \/><br \/><\/p>\n<\/td>\n<td>\n<p><br \/><strong>[-13-]<\/strong><br \/><br \/><\/p>\n<\/td>\n<\/tr>\n<tr>\n<td>\n<p><br \/><strong>Fatura Adresi:<\/strong><br \/><br \/><\/p>\n<\/td>\n<td>\n<p><br \/><strong>[-14-]<\/strong><br \/><br \/><\/p>\n<\/td>\n<\/tr>\n<\/tbody>\n<\/table>\n<p><br \/><br \/><\/p>\n<ol start=\"6\">\n<li><strong> GENEL H\u00dcK\u00dcMLER<\/strong><\/li>\n<\/ol>\n<p><strong>6.1 <\/strong>Al\u0131c\u0131, internet sitesinde g\u00f6sterilen \u00fcr\u00fcn ve hizmetlerin temel nitelikleri, sat\u0131\u015f fiyat\u0131, \u00f6deme \u015fekli ve teslimat\u0131na ili\u015fkin \u00f6n bilgileri okuyup, bilgi sahibi oldu\u011funu ve elektronik ortamda gerekli onay\u0131 verdi\u011fini kabul eder.<\/p>\n<p><strong>6.2 <\/strong>Sat\u0131c\u0131, s\u00f6zle\u015fme konusu \u00fcr\u00fcn\u00fcn eksiksiz bir \u015fekilde, sipari\u015fte belirtilen niteliklere uygun ve varsa garanti belgeleri ve kullan\u0131m k\u0131lavuzlar\u0131 ile teslim edilmesinden sorumludur.<\/p>\n<p><strong>6.3 <\/strong>S\u00f6zle\u015fmeye konu olan \u00fcr\u00fcn veya hizmetin, internet sitesi \u00fczerinde sahip olmas\u0131 gereken \u00f6zellikleri ta\u015f\u0131mamas\u0131 sebebiyle s\u00f6zle\u015fmeye ayk\u0131r\u0131l\u0131k te\u015fkil etmesi durumunda al\u0131c\u0131, sat\u0131lan\u0131 geri vermeye haz\u0131r oldu\u011funu bildirerek s\u00f6zle\u015fmeden d\u00f6nme, sat\u0131lan\u0131 al\u0131koyup ay\u0131p oran\u0131nda sat\u0131\u015f bedelinden indirim isteme, a\u015f\u0131r\u0131 bir masraf gerektirmedi\u011fi takdirde, b\u00fct\u00fcn masraflar\u0131 sat\u0131c\u0131ya ait olmak \u00fczere sat\u0131lan\u0131n \u00fccretsiz onar\u0131lmas\u0131n\u0131 isteme, imk\u00e2n varsa, sat\u0131lan\u0131n ay\u0131ps\u0131z bir misli ile de\u011fi\u015ftirilmesini isteme se\u00e7imlik haklar\u0131ndan birini kullanabilir. \u00dccretsiz onar\u0131m veya mal\u0131n ay\u0131ps\u0131z misli ile de\u011fi\u015ftirilmesi haklar\u0131ndan birinin se\u00e7ilmesi durumunda bu talebin sat\u0131c\u0131ya, y\u00f6neltilmesinden itibaren azami 30 i\u015f g\u00fcn\u00fc i\u00e7inde bu talep yerine getirilir. Al\u0131c\u0131n\u0131n s\u00f6zle\u015fmeden d\u00f6nme veya ay\u0131p oran\u0131nda bedelden indirim hakk\u0131n\u0131 se\u00e7ti\u011fi durumlarda, \u00f6demi\u015f oldu\u011fu bedelin t\u00fcm\u00fc veya bedelden yap\u0131lan indirim tutar\u0131 derh\u00e2l al\u0131c\u0131ya iade edilir. Ay\u0131pl\u0131 maldan sorumluluk, ay\u0131p daha sonra ortaya \u00e7\u0131km\u0131\u015f olsa bile, mal\u0131n al\u0131c\u0131ya teslim tarihinden itibaren iki y\u0131ll\u0131k zamana\u015f\u0131m\u0131na tabidir. Al\u0131c\u0131n\u0131n, s\u00f6zle\u015fmenin kuruldu\u011fu tarihte ay\u0131ptan haberdar oldu\u011fu veya haberdar olmas\u0131n\u0131n kendisinden beklendi\u011fi h\u00e2llerde, s\u00f6zle\u015fmeye ayk\u0131r\u0131l\u0131k s\u00f6z konusu olmaz. Bunlar\u0131n d\u0131\u015f\u0131ndaki ay\u0131plara kar\u015f\u0131 al\u0131c\u0131n\u0131n se\u00e7imlik haklar\u0131 yukar\u0131da belirtildi\u011fi \u00fczere mevcuttur.<\/p>\n<p><strong>6.4 <\/strong>Al\u0131c\u0131 taraf\u0131ndan herhangi bir nedenle \u00fcr\u00fcn\/hizmet bedeli \u00f6denmez veya banka kay\u0131tlar\u0131nda iptal edilir ise, sat\u0131c\u0131 \u00fcr\u00fcn\u00fcn\/hizmetin teslimi y\u00fck\u00fcml\u00fcl\u00fc\u011f\u00fcnde olmayacakt\u0131r.<\/p>\n<ol start=\"7\">\n<li><strong> CAYMA HAKKI<\/strong><\/li>\n<\/ol>\n<p><strong>7.1 <\/strong>Al\u0131c\u0131, 14 g\u00fcn i\u00e7inde herhangi bir gerek\u00e7e g\u00f6stermeksizin ve cezai \u015fart \u00f6demeksizin mal\/\u00fcr\u00fcn sat\u0131\u015flar\u0131na ili\u015fkin olarak s\u00f6zle\u015fmeden cayma hakk\u0131na sahiptir. Elektronik ortamda an\u0131nda ifa edilen hizmetler veya al\u0131c\u0131ya an\u0131nda teslim edilen gayrimaddi mallara ili\u015fkin sat\u0131\u015flarda cayma hakk\u0131 kullan\u0131lamaz.<\/p>\n<p><strong>7.2 <\/strong>Alici 14 g\u00fcnl\u00fck s\u00fcre i\u00e7erisinde cayma hakki kullanilacak \u00fcr\u00fcnleri kutusu, ambalaji, varsa standart aksesuarlari ile birlikte eksiksiz ve hasarsiz olarak teslim etmelidir. \u00dcr\u00fcn koruma bandinin s\u00f6k\u00fclmesi, hasar g\u00f6rmesi, \u00fcr\u00fcn-aksesuarlarda eksiklik olmasi ya da \u00fcr\u00fcnlerin kullanilmasi, tahrip edilmesi halinde cayma hakki kullanilamaz.<\/p>\n<p><strong>7.3 <\/strong>Al\u0131c\u0131n\u0131n cayma hakk\u0131 s\u00fcresi, hizmet al\u0131m\u0131na ili\u015fkin s\u00f6zle\u015fmelerde s\u00f6zle\u015fmenin kuruldu\u011fu g\u00fcn; \u00fcr\u00fcn al\u0131m\u0131na ili\u015fkin s\u00f6zle\u015fmelerde ise al\u0131c\u0131n\u0131n veya al\u0131c\u0131 taraf\u0131ndan belirlenen \u00fc\u00e7\u00fcnc\u00fc ki\u015finin mal\u0131 teslim ald\u0131\u011f\u0131 g\u00fcn ba\u015flar. Ayn\u0131 zamanda al\u0131c\u0131, s\u00f6zle\u015fmenin kurulmas\u0131ndan mal\u0131n teslimine kadar olan s\u00fcre i\u00e7inde de cayma hakk\u0131n\u0131 kullanabilir.<\/p>\n<p><strong>7.4 <\/strong>Cayma hakk\u0131 s\u00fcresinin belirlenmesinde; tek sipari\u015f konusu olup ayr\u0131 ayr\u0131 teslim edilen \u00fcr\u00fcnlerde, al\u0131c\u0131n\u0131n veya al\u0131c\u0131 taraf\u0131ndan belirlenen \u00fc\u00e7\u00fcnc\u00fc ki\u015finin son \u00fcr\u00fcn\u00fc teslim ald\u0131\u011f\u0131 g\u00fcn; birden fazla par\u00e7adan olu\u015fan \u00fcr\u00fcnlerde, al\u0131c\u0131n\u0131n veya al\u0131c\u0131 taraf\u0131ndan belirlenen \u00fc\u00e7\u00fcnc\u00fc ki\u015finin son par\u00e7ay\u0131 teslim ald\u0131\u011f\u0131 g\u00fcn; belirli bir s\u00fcre boyunca \u00fcr\u00fcn\u00fcn d\u00fczenli tesliminin yap\u0131ld\u0131\u011f\u0131 s\u00f6zle\u015fmelerde, al\u0131c\u0131n\u0131n veya al\u0131c\u0131 taraf\u0131ndan belirlenen \u00fc\u00e7\u00fcnc\u00fc ki\u015finin ilk mal\u0131 teslim ald\u0131\u011f\u0131 g\u00fcn esas al\u0131n\u0131r.<\/p>\n<p><strong>7.5 <\/strong>Cayma hakk\u0131n\u0131n kullan\u0131ld\u0131\u011f\u0131na dair bildirimin cayma hakk\u0131 s\u00fcresi dolmadan, kal\u0131c\u0131 veri saklay\u0131c\u0131s\u0131 ile sat\u0131c\u0131ya y\u00f6neltilmesi gerekmektedir. \u0130lgili hakk\u0131n\u0131z\u0131 http:\/\/sadewoodenlights.com\/ internet sitemiz \u00fczerinden, 0216 471 22 40 telefon numaras\u0131 \u00fczerinden veya info@sadewoodenlights.com eposta \u00fczerinden kullanabilirsiniz.<\/p>\n<p><strong>7.6 <\/strong>\u00a0Sat\u0131c\u0131, al\u0131c\u0131n\u0131n cayma hakk\u0131n\u0131 kulland\u0131\u011f\u0131na ili\u015fkin bildirimin kendisine ula\u015ft\u0131\u011f\u0131 tarihten itibaren 14 g\u00fcn i\u00e7inde, varsa mal\u0131n al\u0131c\u0131ya teslim, kargo masraflar\u0131 da dahil olmak \u00fczere tahsil edilen t\u00fcm \u00f6demeleri iade edecektir. Sat\u0131c\u0131, s\u00f6z konusu t\u00fcm geri \u00f6demeleri, al\u0131c\u0131n\u0131n sat\u0131n al\u0131rken kulland\u0131\u011f\u0131 \u00f6deme arac\u0131na uygun bir \u015fekilde ve al\u0131c\u0131ya herhangi bir masraf veya y\u00fck\u00fcml\u00fcl\u00fck getirmeden tek seferde ger\u00e7ekle\u015ftirecektir.<\/p>\n<p><strong>7.7 <\/strong>Al\u0131c\u0131 cayma hakk\u0131n\u0131 kulland\u0131\u011f\u0131na ili\u015fkin bildirimi sat\u0131c\u0131ya y\u00f6neltti\u011fi tarihten itibaren 10 g\u00fcn i\u00e7inde mal\u0131 sat\u0131c\u0131ya geri g\u00f6ndermek zorundad\u0131r.<\/p>\n<p><strong>7.8 <\/strong>Al\u0131c\u0131 a\u015fa\u011f\u0131daki s\u00f6zle\u015fmelerde cayma hakk\u0131n\u0131 kullanamaz:<\/p>\n<ol>\n<li>a) Fiyat\u0131 finansal piyasalardaki dalgalanmalara ba\u011fl\u0131 olarak de\u011fi\u015fen ve sat\u0131c\u0131 kontrol\u00fcnde olmayan mal veya hizmetlere ili\u015fkin s\u00f6zle\u015fmeler.<\/li>\n<li>b) Al\u0131c\u0131n\u0131n istekleri veya ki\u015fisel ihtiya\u00e7lar\u0131 do\u011frultusunda haz\u0131rlanan mallara ili\u015fkin s\u00f6zle\u015fmeler.<\/li>\n<li>c) \u00c7abuk bozulabilen veya son kullanma tarihi ge\u00e7ebilecek mallar\u0131n teslimine ili\u015fkin s\u00f6zle\u015fmeler.<\/li>\n<\/ol>\n<p>\u00e7) Tesliminden sonra ambalaj, bant, m\u00fch\u00fcr, paket gibi koruyucu unsurlar\u0131 a\u00e7\u0131lm\u0131\u015f olan mallardan; iadesi sa\u011fl\u0131k ve hijyen a\u00e7\u0131s\u0131ndan uygun olmayanlar\u0131n teslimine ili\u015fkin s\u00f6zle\u015fmeler.<\/p>\n<ol>\n<li>d) Tesliminden sonra ba\u015fka \u00fcr\u00fcnlerle kar\u0131\u015fan ve do\u011fas\u0131 gere\u011fi ayr\u0131\u015ft\u0131r\u0131lmas\u0131 m\u00fcmk\u00fcn olmayan mallara ili\u015fkin s\u00f6zle\u015fmeler.<\/li>\n<li>e) Mal\u0131n tesliminden sonra ambalaj, bant, m\u00fch\u00fcr, paket gibi koruyucu unsurlar\u0131 a\u00e7\u0131lm\u0131\u015f olmas\u0131 halinde maddi ortamda sunulan kitap, dijital i\u00e7erik ve bilgisayar sarf malzemelerine ili\u015fkin s\u00f6zle\u015fmeler.<\/li>\n<li>f) Abonelik s\u00f6zle\u015fmesi kapsam\u0131nda sa\u011flananlar d\u0131\u015f\u0131nda, gazete ve dergi gibi s\u00fcreli yay\u0131nlar\u0131n teslimine ili\u015fkin s\u00f6zle\u015fmeler.<\/li>\n<li>g) Belirli bir tarihte veya d\u00f6nemde yap\u0131lmas\u0131 gereken, konaklama, e\u015fya ta\u015f\u0131ma, araba kiralama, yiyecek-i\u00e7ecek tedariki ve e\u011flence veya dinlenme amac\u0131yla yap\u0131lan bo\u015f zaman\u0131n de\u011ferlendirilmesine ili\u015fkin s\u00f6zle\u015fmeler.<\/li>\n<\/ol>\n<p>\u011f) Elektronik ortamda an\u0131nda ifa edilen hizmetler veya al\u0131c\u0131ya an\u0131nda teslim edilen gayrimaddi mallara ili\u015fkin s\u00f6zle\u015fmeler.<\/p>\n<ol>\n<li>h) Cayma hakk\u0131 s\u00fcresi sona ermeden \u00f6nce, al\u0131c\u0131n\u0131n onay\u0131 ile ifas\u0131na ba\u015flanan hizmetlere ili\u015fkin s\u00f6zle\u015fmeler.<\/li>\n<li><strong> M\u00dcCB\u0130R SEBEPLER<\/strong><\/li>\n<\/ol>\n<p><strong>8.1 <\/strong>S\u00f6zle\u015fmenin y\u00fcr\u00fcrl\u00fc\u011fe girdi\u011fi tarihte mevcut olmayan veya \u00f6ng\u00f6r\u00fclemeyen, taraflar\u0131n kontrolleri d\u0131\u015f\u0131nda geli\u015fen, ortaya \u00e7\u0131kmas\u0131yla taraflardan birinin ya da her ikisinin de s\u00f6zle\u015fme ile y\u00fcklendikleri bor\u00e7 ve sorumluluklar\u0131n\u0131 k\u0131smen ya da tamamen yerine getirmelerini ya da bunlar\u0131 zaman\u0131nda yerine getirmelerini olanaks\u0131zla\u015ft\u0131ran durumlar, m\u00fccbir sebep (Do\u011fal afet, sava\u015f, ter\u00f6r, ayaklanma, de\u011fi\u015fen mevzuat h\u00fck\u00fcmleri, el koyma veya grev, lokavt, \u00fcretim ve ileti\u015fim tesislerinde \u00f6nemli \u00f6l\u00e7\u00fcde ar\u0131za vb.) olarak kabul edilecektir. M\u00fccbir sebep \u015fahs\u0131nda ger\u00e7ekle\u015fen taraf, di\u011fer tarafa durumu en k\u0131sa s\u00fcrede bildirecektir.<\/p>\n<p><strong>8.2 <\/strong>M\u00fccbir sebebin devam\u0131 esnas\u0131nda taraflar\u0131n edimlerini yerine getirememelerinden dolay\u0131 herhangi bir sorumluluklar\u0131 do\u011fmayacakt\u0131r. M\u00fccbir sebep durumu 30 g\u00fcn s\u00fcreyle devam ederse, taraflardan her birinin, tek tarafl\u0131 olarak fesih hakk\u0131 do\u011fmu\u015f olacakt\u0131r.<\/p>\n<ol start=\"9\">\n<li><strong> DEL\u0130L ANLA\u015eMASI<\/strong><\/li>\n<\/ol>\n<p><strong>9.1 <\/strong>\u0130\u015fbu s\u00f6zle\u015fmeden do\u011fabilecek her t\u00fcrl\u00fc uyu\u015fmazl\u0131\u011f\u0131n \u00e7\u00f6z\u00fcm\u00fcnde sat\u0131c\u0131 kay\u0131tlar\u0131 (bilgisayar, ses kay\u0131tlar\u0131 gibi manyetik ortamdaki kay\u0131tlar dahil) kesin delil olu\u015fturur.<\/p>\n<ol start=\"10\">\n<li><strong> UYU\u015eMAZLIK DURUMUNDA YETK\u0130L\u0130 MAHKEME <\/strong><\/li>\n<\/ol>\n<p><strong>10.1 <\/strong>G\u00fcmr\u00fck ve Ticaret Bakanl\u0131\u011f\u0131nca ilan edilen de\u011fere kadar T\u00fcketici Hakem Heyetleri, a\u015fan durumlarda al\u0131c\u0131n\u0131n ve sat\u0131c\u0131n\u0131n yerle\u015fim yerindeki T\u00fcketici Mahkemeleri ve \u0130cra M\u00fcd\u00fcrl\u00fckleri yetkilidir.<\/p>\n<ol start=\"11\">\n<li><strong> KABUL BEYANI <\/strong><\/li>\n<\/ol>\n<p><strong>11.1 <\/strong>Al\u0131c\u0131, \u0130nternet Sitesinde yer alan ve i\u015fbu S\u00f6zle\u015fme&#8217;de ve ayr\u0131lmaz par\u00e7as\u0131n\u0131 olu\u015fturan \u00d6n Bilgilendirme Formu\u2019nda yaz\u0131l\u0131 t\u00fcm ko\u015fullar\u0131 ve a\u00e7\u0131klamalar\u0131 okudu\u011funu, sat\u0131\u015fa konu \u00fcr\u00fcnler\/hizmetlerin temel \u00f6zellik, nitelikleri, sat\u0131\u015f fiyat\u0131, \u00f6deme \u015fekli, teslimat ko\u015fullar\u0131, sat\u0131c\u0131 ve sat\u0131\u015fa konu \u00fcr\u00fcnler\/hizmetler ile ilgili di\u011fer t\u00fcm hususlarda \u00f6nceden bilgi sahibi oldu\u011funu, tamam\u0131n\u0131 internet sitesinde elektronik ortamda g\u00f6rd\u00fc\u011f\u00fcn\u00fc, okudu\u011funu, i\u00e7eri\u011fini kabul etti\u011fini ve yine t\u00fcm bunlara elektronik ortamda onay, kabul iznini vererek \u00fcr\u00fcnleri\/hizmetleri sipari\u015f ile i\u015fbu S\u00f6zle\u015fme h\u00fck\u00fcmlerini kabul etti\u011fini kabul ve beyan eder.<\/p>\n<ol start=\"12\">\n<li><strong> Y\u00dcR\u00dcRL\u00dcK<\/strong><\/li>\n<\/ol>\n<p><strong>12.1 <\/strong>\u0130\u015fbu S\u00f6zle\u015fme, taraflarca okunarak, al\u0131c\u0131 taraf\u0131ndan elektronik ortamda onaylanmak ve olumlu bir fiili hareket olarak \u00f6deme yapmak suretiyle akdedilmi\u015f ve y\u00fcr\u00fcrl\u00fc\u011fe girmi\u015ftir.<\/p>\n<p><br \/><br \/><br \/><br \/><br \/><\/p>\t\t\t\t\t\t\t\t<\/div>\n\t\t\t\t<\/div>\n\t\t\t\t\t<\/div>\n\t\t\t\t<\/div>\n\t\t\t\t<\/div>\n\t\t","protected":false},"excerpt":{"rendered":"<p>MESAFEL\u0130 SATI\u015e S\u00d6ZLE\u015eMES\u0130 TANIMLAR Sat\u0131c\u0131: Kamu t\u00fczel ki\u015fileri de dahil olmak \u00fczere ticari veya mesleki ama\u00e7larla t\u00fcketiciye mal sunan ya<\/p>","protected":false},"author":1,"featured_media":0,"parent":0,"menu_order":0,"comment_status":"closed","ping_status":"closed","template":"","meta":{"footnotes":""},"class_list":["post-16181","page","type-page","status-publish","hentry"],"_links":{"self":[{"href":"https:\/\/sadewoodenlights.com\/en\/wp-json\/wp\/v2\/pages\/16181","targetHints":{"allow":["GET"]}}],"collection":[{"href":"https:\/\/sadewoodenlights.com\/en\/wp-json\/wp\/v2\/pages"}],"about":[{"href":"https:\/\/sadewoodenlights.com\/en\/wp-json\/wp\/v2\/types\/page"}],"author":[{"embeddable":true,"href":"https:\/\/sadewoodenlights.com\/en\/wp-json\/wp\/v2\/users\/1"}],"replies":[{"embeddable":true,"href":"https:\/\/sadewoodenlights.com\/en\/wp-json\/wp\/v2\/comments?post=16181"}],"version-history":[{"count":5,"href":"https:\/\/sadewoodenlights.com\/en\/wp-json\/wp\/v2\/pages\/16181\/revisions"}],"predecessor-version":[{"id":16735,"href":"https:\/\/sadewoodenlights.com\/en\/wp-json\/wp\/v2\/pages\/16181\/revisions\/16735"}],"wp:attachment":[{"href":"https:\/\/sadewoodenlights.com\/en\/wp-json\/wp\/v2\/media?parent=16181"}],"curies":[{"name":"wp","href":"https:\/\/api.w.org\/{rel}","templated":true}]}}