{"id":16182,"date":"2024-11-16T23:56:31","date_gmt":"2024-11-16T20:56:31","guid":{"rendered":"https:\/\/www.blesyum.support\/?page_id=16182"},"modified":"2025-10-06T16:10:11","modified_gmt":"2025-10-06T13:10:11","slug":"web-sitesi-cerez-politikasi","status":"publish","type":"page","link":"https:\/\/sadewoodenlights.com\/en\/web-sitesi-cerez-politikasi\/","title":{"rendered":"Website Cookie Policy"},"content":{"rendered":"<div data-elementor-type=\"wp-page\" data-elementor-id=\"16182\" class=\"elementor elementor-16182\">\n\t\t\t\t<div class=\"wd-negative-gap elementor-element elementor-element-2d2b8bf6 e-flex e-con-boxed e-con e-parent\" data-id=\"2d2b8bf6\" data-element_type=\"container\" data-e-type=\"container\">\n\t\t\t\t\t<div class=\"e-con-inner\">\n\t\t\t\t<div class=\"elementor-element elementor-element-e39e232 color-scheme-inherit text-left elementor-widget elementor-widget-text-editor\" data-id=\"e39e232\" data-element_type=\"widget\" data-e-type=\"widget\" data-widget_type=\"text-editor.default\">\n\t\t\t\t<div class=\"elementor-widget-container\">\n\t\t\t\t\t\t\t\t\t\n<p><strong>http:\/\/sadewoodenlights.com\/<\/strong><strong> &#8211; \u00c7erez Bildirimi<\/strong><\/p>\n<p>Son G\u00fcncelleme: 18.11.2024<\/p>\n<p>\u00c7erez bildirimi, http:\/\/sadewoodenlights.com\/ adresini ziyaret eden ve kullanan ki\u015fileri bilgilendirmek amac\u0131yla haz\u0131rlanm\u0131\u015ft\u0131r.<\/p>\n<p><strong>\u00c7erez Nedir?<\/strong><\/p>\n<p>\u00c7erezler, bir internet sitesini ziyaret etti\u011finiz zaman bilgisayar veya mobil cihaz\u0131n\u0131zda saklanan ve s\u00f6z konusu cihaz\u0131n tespit edilmesine olanak sa\u011flayan, \u00e7o\u011funlukla harf veya say\u0131lardan olu\u015fan k\u00fc\u00e7\u00fck metin dosyalar\u0131d\u0131r.<\/p>\n<p>Yukar\u0131da bahsedilen adresin ziyaret\u00e7ileri ve kullan\u0131c\u0131lar\u0131yla ilgili \u00e7erezler i\u015fleriz. Bununla birlikte adresler \u00fczerinde hem birinci parti \u00e7erezler (do\u011frudan bizim taraf\u0131m\u0131zdan yerle\u015ftirilen) hem de \u00fc\u00e7\u00fcnc\u00fc parti \u00e7erezler (bizim haricimizdeki sunucular taraf\u0131ndan yerle\u015ftirilen) kullan\u0131lmaktad\u0131r. Kulland\u0131\u011f\u0131m\u0131z ve sorumlulu\u011funu \u00fcstlendi\u011fimiz birinci parti \u00e7erez t\u00fcrleri \u015fu \u015fekildedir:<\/p>\n<p>Zorunlu (Temel) \u00c7erezler: Adreste yer alan fonksiyonlar\u0131n d\u00fczg\u00fcn bir \u015fekilde \u00e7al\u0131\u015fabilmesi ve adres \u00fczerinden sunulan hizmetin eksiksiz yerine getirilebilmesi i\u00e7in kullan\u0131m\u0131 zorunlu olan \u00e7erezlerdir. \u00d6rne\u011fin, adreste oturum a\u00e7t\u0131\u011f\u0131n\u0131zda devreye giren kimlik do\u011frulama \u00e7erezleri, bir sayfadan di\u011ferine ge\u00e7i\u015finizde etkin olan oturumunuzun devam etmesini sa\u011flamaktad\u0131r. Bu \u00e7erezlerin devre d\u0131\u015f\u0131 b\u0131rak\u0131lmas\u0131 fonksiyonlar\u0131n kullan\u0131lamaz hale gelmesine neden olabilir.<\/p>\n<p>Kal\u0131c\u0131 \u00c7erezler: Adresin i\u015flevselli\u011fini art\u0131rmak, ziyaret\u00e7ilerimize daha h\u0131zl\u0131 ve iyi bir hizmet sunmak amac\u0131yla kullan\u0131lan ve taray\u0131c\u0131lar vas\u0131tas\u0131yla taraf\u0131n\u0131zca silininceye dek veya son kullan\u0131m tarihine kadar ge\u00e7erlili\u011fini koruyan \u00e7erezlerdir. Bu t\u00fcr \u00e7erezler, yapt\u0131\u011f\u0131n\u0131z tercihleri hat\u0131rlamak ve kullan\u0131m\u0131n\u0131z\u0131 ki\u015fiselle\u015ftirmek i\u00e7in kullan\u0131r. Bu \u00e7erezler, kullan\u0131m parolan\u0131z\u0131 kaydeden ve oturumunuzun s\u00fcrekli a\u00e7\u0131k kalmas\u0131n\u0131 sa\u011flayan, b\u00f6ylece her ziyaretinizde birden fazla kez parola girme zahmetinden kurtaran, adresi daha sonraki ziyaretlerinizde sizi hat\u0131rlayan ve tan\u0131yan \u00e7erezleri i\u00e7erir.<\/p>\n<p>\u0130\u015flevsel ve Analitik \u00c7erezler: Adrese nereden ba\u011fland\u0131\u011f\u0131n\u0131z, hangi i\u00e7eri\u011fi g\u00f6r\u00fcnt\u00fcledi\u011finiz ve ziyaretinizin s\u00fcresi gibi adresi nas\u0131l kulland\u0131\u011f\u0131n\u0131z\u0131 belirlemek i\u00e7in kullan\u0131lan \u00e7erezlerdir.<\/p>\n<p><strong>Hangi \u00c7erezler Hangi Ama\u00e7lar ile Kullan\u0131lmaktad\u0131r?<\/strong><\/p>\n<p>SADE AYDINLATMA \u00dcR\u00dcNLER\u0130 SANAY\u0130 VE T\u0130CARET ANON\u0130M \u015e\u0130RKET\u0130 olarak yukar\u0131da bahsi ge\u00e7en adreslerde a\u015fa\u011f\u0131da belirtilen ama\u00e7lar ile s\u0131n\u0131rl\u0131 olmak kayd\u0131yla \u00c7erez Bildirimine konu adreslerde \u00e7erez verileri i\u015flemekteyiz:<\/p>\n<ul>\n<li>Adresin \u00e7al\u0131\u015fmas\u0131 i\u00e7in gerekli temel fonksiyonlar\u0131 ger\u00e7ekle\u015ftirmek,<\/li>\n<li>Adresi analiz etmek ve performans\u0131n\u0131 artt\u0131rmak.<\/li>\n<\/ul>\n<p><strong>\u00c7erez Kullan\u0131m\u0131n\u0131 Nas\u0131l Kontrol Edebilirsiniz?<\/strong><\/p>\n<p>Adresimizi ziyaret etmek ve kullanmak i\u00e7in \u00e7erezlerin i\u015flenmesi zorunlu de\u011fildir; <u>taray\u0131c\u0131n\u0131z\u0131n ayarlar\u0131n\u0131 de\u011fi\u015ftirerek \u00e7erezlere ili\u015fkin tercihlerinizi ki\u015fiselle\u015ftirme imk\u00e2n\u0131na sahipsiniz.<\/u> Taray\u0131c\u0131n\u0131z\u0131 \u00e7erezleri engelleyecek \u015fekilde ayarlaman\u0131z halinde, adresleri kullanmaya devam edebilirsiniz; ancak bu durumda adreslerdeki t\u00fcm fonksiyonlara eri\u015fiminiz s\u0131n\u0131rl\u0131 olabilir, kullan\u0131c\u0131 deneyiminizin kalitesi d\u00fc\u015febilir.<\/p>\n<table>\n<tbody>\n<tr>\n<td>\n<p>Google Analytics<\/p>\n<\/td>\n<td>\n<p><u>https:\/\/tools.google.com\/dlpage\/gaoptout<\/u><\/p>\n<\/td>\n<\/tr>\n<tr>\n<td>\n<p>Google Chrome<\/p>\n<\/td>\n<td>\n<p><u>http:\/\/www.google.com\/support\/chrome\/bin\/answer.py?hl=enanswer=95647<\/u><\/p>\n<\/td>\n<\/tr>\n<tr>\n<td>\n<p>Internet Explorer<\/p>\n<\/td>\n<td>\n<p><u>https:\/\/support.microsoft.com\/en-us\/help\/17442\/windows-internet-explorer-delete-manage-cookies<\/u><\/p>\n<\/td>\n<\/tr>\n<tr>\n<td>\n<p>Mozilla Firefox<\/p>\n<\/td>\n<td>\n<p><u>http:\/\/support.mozilla.com\/en-US\/kb\/Cookies<\/u><\/p>\n<\/td>\n<\/tr>\n<tr>\n<td>\n<p>Opera<\/p>\n<\/td>\n<td>\n<p><u>http:\/\/www.opera.com\/browser\/tutorials\/security\/privacy\/<\/u><\/p>\n<\/td>\n<\/tr>\n<tr>\n<td>\n<p>Safari<\/p>\n<\/td>\n<td>\n<p><u>https:\/\/support.apple.com\/kb\/ph19214?locale=tr TR<\/u><\/p>\n<\/td>\n<\/tr>\n<\/tbody>\n<\/table>\n<p><br \/><br \/><br \/><br \/><\/p>\t\t\t\t\t\t\t\t<\/div>\n\t\t\t\t<\/div>\n\t\t\t\t\t<\/div>\n\t\t\t\t<\/div>\n\t\t\t\t<\/div>","protected":false},"excerpt":{"rendered":"<p>http:\/\/sadewoodenlights.com\/ &#8211; \u00c7erez Bildirimi Son G\u00fcncelleme: 18.11.2024 \u00c7erez bildirimi, http:\/\/sadewoodenlights.com\/ adresini ziyaret eden ve kullanan ki\u015fileri bilgilendirmek amac\u0131yla haz\u0131rlanm\u0131\u015ft\u0131r. \u00c7erez<\/p>","protected":false},"author":1,"featured_media":0,"parent":0,"menu_order":0,"comment_status":"closed","ping_status":"closed","template":"","meta":{"footnotes":""},"class_list":["post-16182","page","type-page","status-publish","hentry"],"_links":{"self":[{"href":"https:\/\/sadewoodenlights.com\/en\/wp-json\/wp\/v2\/pages\/16182","targetHints":{"allow":["GET"]}}],"collection":[{"href":"https:\/\/sadewoodenlights.com\/en\/wp-json\/wp\/v2\/pages"}],"about":[{"href":"https:\/\/sadewoodenlights.com\/en\/wp-json\/wp\/v2\/types\/page"}],"author":[{"embeddable":true,"href":"https:\/\/sadewoodenlights.com\/en\/wp-json\/wp\/v2\/users\/1"}],"replies":[{"embeddable":true,"href":"https:\/\/sadewoodenlights.com\/en\/wp-json\/wp\/v2\/comments?post=16182"}],"version-history":[{"count":5,"href":"https:\/\/sadewoodenlights.com\/en\/wp-json\/wp\/v2\/pages\/16182\/revisions"}],"predecessor-version":[{"id":16746,"href":"https:\/\/sadewoodenlights.com\/en\/wp-json\/wp\/v2\/pages\/16182\/revisions\/16746"}],"wp:attachment":[{"href":"https:\/\/sadewoodenlights.com\/en\/wp-json\/wp\/v2\/media?parent=16182"}],"curies":[{"name":"wp","href":"https:\/\/api.w.org\/{rel}","templated":true}]}}