{"id":16183,"date":"2024-11-16T23:56:45","date_gmt":"2024-11-16T20:56:45","guid":{"rendered":"https:\/\/www.blesyum.support\/?page_id=16183"},"modified":"2025-10-06T16:14:25","modified_gmt":"2025-10-06T13:14:25","slug":"web-sitesi-kvkk-aydinlatma-metni","status":"publish","type":"page","link":"https:\/\/sadewoodenlights.com\/en\/web-sitesi-kvkk-aydinlatma-metni\/","title":{"rendered":"Website KVKK Information Text"},"content":{"rendered":"\t\t<div data-elementor-type=\"wp-page\" data-elementor-id=\"16183\" class=\"elementor elementor-16183\">\n\t\t\t\t<div class=\"wd-negative-gap elementor-element elementor-element-5cf98fc5 e-flex e-con-boxed e-con e-parent\" data-id=\"5cf98fc5\" data-element_type=\"container\" data-e-type=\"container\">\n\t\t\t\t\t<div class=\"e-con-inner\">\n\t\t\t\t<div class=\"elementor-element elementor-element-37f504bb color-scheme-inherit text-left elementor-widget elementor-widget-text-editor\" data-id=\"37f504bb\" data-element_type=\"widget\" data-e-type=\"widget\" data-widget_type=\"text-editor.default\">\n\t\t\t\t<div class=\"elementor-widget-container\">\n\t\t\t\t\t\t\t\t\t\n<p><strong>http:\/\/sadewoodenlights.com\/<\/strong><strong> 6698 SK kapsam\u0131nda Ayd\u0131nlatma Bildirimi<\/strong><\/p>\n<p>Son G\u00fcncelleme: 18.11.2024<\/p>\n<p><strong>Veri Sorumlusu Kimli\u011fi:<\/strong><\/p>\n<p>SADE AYDINLATMA \u00dcR\u00dcNLER\u0130 SANAY\u0130 VE T\u0130CARET ANON\u0130M \u015e\u0130RKET\u0130<\/p>\n<p>\u0130leti\u015fim adresi: sadeaydinlatma@hs01.kep.tr<\/p>\n<p>\u0130\u015fbu ayd\u0131nlatma metni http:\/\/sadewoodenlights.com\/ adresini ziyaret eden ve kullanan ilgili ki\u015filerin ki\u015fisel verilerini konu edinmektedir.<\/p>\n<p><strong>Ki\u015fisel Verilerin Hangi Ama\u00e7la \u0130\u015flenece\u011fi:<\/strong><\/p>\n<p>http:\/\/sadewoodenlights.com\/ adresi \u00fczerinden ki\u015fisel verileriniz \u015fu ama\u00e7larla i\u015flenir:<\/p>\n<ul>\n<li>[-3.1-]<\/li>\n<\/ul>\n<p><strong>Ki\u015fisel Verilerin Kimlere ve Hangi Ama\u00e7la Aktar\u0131labilece\u011fi: <\/strong><\/p>\n<p>Ki\u015fisel verilerin aktar\u0131lmamas\u0131 ve a\u00e7\u0131klanmamas\u0131 \u00f6nceli\u011fimizdir. Bununla birlikte [-4.1-] aktar\u0131lmaktad\u0131r.<\/p>\n<p><strong>Ki\u015fisel Veri Toplaman\u0131n Y\u00f6ntemi ve Hukuki Sebebi: <\/strong><\/p>\n<p>Verileriniz ad\u0131 ge\u00e7en adreste yer alan ilgili alanlar\u0131 i\u015fleyerek g\u00f6nder butonuna t\u0131klaman\u0131zla birlikte web-adresi ara y\u00fcz\u00fcne y\u00fcklenmektedir.<\/p>\n<p>Verilerinizi i\u015flerken Kanunlarda a\u00e7\u0131k\u00e7a \u00f6ng\u00f6r\u00fclmesi, hukuki sebebine dayan\u0131r\u0131z.<\/p>\n<p><strong>\u0130lgili Ki\u015finin Kanunun 11 \u0130nci Maddesinde Say\u0131lan Di\u011fer Haklar\u0131: <\/strong><\/p>\n<p>\u0130lgili ki\u015filerin 6698 Say\u0131l\u0131 Kanun\u2019da yer alan haklar\u0131n\u0131 yukar\u0131daki yaz\u0131\u015fma adresine ba\u015fvuruda bulunarak her zaman i\u015fletebilirler.<\/p>\t\t\t\t\t\t\t\t<\/div>\n\t\t\t\t<\/div>\n\t\t\t\t\t<\/div>\n\t\t\t\t<\/div>\n\t\t\t\t<\/div>\n\t\t","protected":false},"excerpt":{"rendered":"<p>http:\/\/sadewoodenlights.com\/ 6698 SK kapsam\u0131nda Ayd\u0131nlatma Bildirimi Son G\u00fcncelleme: 18.11.2024 Veri Sorumlusu Kimli\u011fi: SADE AYDINLATMA \u00dcR\u00dcNLER\u0130 SANAY\u0130 VE T\u0130CARET ANON\u0130M \u015e\u0130RKET\u0130<\/p>","protected":false},"author":1,"featured_media":0,"parent":0,"menu_order":0,"comment_status":"closed","ping_status":"closed","template":"","meta":{"footnotes":""},"class_list":["post-16183","page","type-page","status-publish","hentry"],"_links":{"self":[{"href":"https:\/\/sadewoodenlights.com\/en\/wp-json\/wp\/v2\/pages\/16183","targetHints":{"allow":["GET"]}}],"collection":[{"href":"https:\/\/sadewoodenlights.com\/en\/wp-json\/wp\/v2\/pages"}],"about":[{"href":"https:\/\/sadewoodenlights.com\/en\/wp-json\/wp\/v2\/types\/page"}],"author":[{"embeddable":true,"href":"https:\/\/sadewoodenlights.com\/en\/wp-json\/wp\/v2\/users\/1"}],"replies":[{"embeddable":true,"href":"https:\/\/sadewoodenlights.com\/en\/wp-json\/wp\/v2\/comments?post=16183"}],"version-history":[{"count":5,"href":"https:\/\/sadewoodenlights.com\/en\/wp-json\/wp\/v2\/pages\/16183\/revisions"}],"predecessor-version":[{"id":16750,"href":"https:\/\/sadewoodenlights.com\/en\/wp-json\/wp\/v2\/pages\/16183\/revisions\/16750"}],"wp:attachment":[{"href":"https:\/\/sadewoodenlights.com\/en\/wp-json\/wp\/v2\/media?parent=16183"}],"curies":[{"name":"wp","href":"https:\/\/api.w.org\/{rel}","templated":true}]}}