{"id":16184,"date":"2024-11-16T23:56:39","date_gmt":"2024-11-16T20:56:39","guid":{"rendered":"https:\/\/www.blesyum.support\/?page_id=16184"},"modified":"2025-10-06T16:11:26","modified_gmt":"2025-10-06T13:11:26","slug":"web-sitesi-kullanim-kosullari","status":"publish","type":"page","link":"https:\/\/sadewoodenlights.com\/en\/web-sitesi-kullanim-kosullari\/","title":{"rendered":"Website Terms of Use"},"content":{"rendered":"<div data-elementor-type=\"wp-page\" data-elementor-id=\"16184\" class=\"elementor elementor-16184\">\n\t\t\t\t<div class=\"wd-negative-gap elementor-element elementor-element-48b22cb e-flex e-con-boxed e-con e-parent\" data-id=\"48b22cb\" data-element_type=\"container\" data-e-type=\"container\">\n\t\t\t\t\t<div class=\"e-con-inner\">\n\t\t\t\t<div class=\"elementor-element elementor-element-2f3f1852 color-scheme-inherit text-left elementor-widget elementor-widget-text-editor\" data-id=\"2f3f1852\" data-element_type=\"widget\" data-e-type=\"widget\" data-widget_type=\"text-editor.default\">\n\t\t\t\t<div class=\"elementor-widget-container\">\n\t\t\t\t\t\t\t\t\t\n<p><strong>http:\/\/sadewoodenlights.com\/<\/strong><strong> &#8211; Kullan\u0131m Ko\u015fullar\u0131<\/strong><\/p>\n<p>Son G\u00fcncelleme: 18.11.2024<\/p>\n<p>The Terms of Use concern the rights of the intellectual property owners, right of use holders, users, and visitors regarding the products and services offered via http:\/\/sadewoodenlights.com\/ and https:\/\/sadewoodenlights.com\/. Visitors and users of the aforementioned https:\/\/sadewoodenlights.com\/ agree that they are obligated to comply with these Terms of Use. Otherwise, the concerned individuals must immediately terminate their access to https:\/\/sadewoodenlights.com\/.<\/p>\n<p><strong>Mahremiyet ve Ki\u015fisel Verilerin Korunmas\u0131: <\/strong><\/p>\n<p>Bahsi ge\u00e7en https:\/\/sadewoodenlights.com\/ \u00fczerinden ki\u015fisel verileriniz i\u015flenir. Bu konuda ziyaret\u00e7iler ve kullan\u0131c\u0131lar i\u00e7in haz\u0131rlad\u0131\u011f\u0131m\u0131z Ayd\u0131nlatma Bildirimine istedi\u011finiz zaman eri\u015fim sa\u011flayabilirsiniz. Bu Bildirimi okumay\u0131 unutmay\u0131n\u0131z.<\/p>\n<p><strong>Fikri M\u00fclkiyet: <\/strong><\/p>\n<p>Kullan\u0131m Ko\u015fullar\u0131n\u0131n konu edildi\u011fi https:\/\/sadewoodenlights.com\/, SADE AYDINLATMA \u00dcR\u00dcNLER\u0130 SANAY\u0130 VE T\u0130CARET ANON\u0130M \u015e\u0130RKET\u0130 taraf\u0131ndan veya onun ad\u0131na yay\u0131nlanan t\u00fcm metin, kod, grafikler, logolar, resimler, marka, patent, tasar\u0131m, y\u00f6ntem gibi tescilli veya tescilsiz t\u00fcm fikri m\u00fclkiyet haklar\u0131 SADE AYDINLATMA \u00dcR\u00dcNLER\u0130 SANAY\u0130 VE T\u0130CARET ANON\u0130M \u015e\u0130RKET\u0130 t\u00fczel ki\u015fili\u011fine aittir. Yaz\u0131l\u0131 izin olmaks\u0131z\u0131n bunlar\u0131n \u00e7o\u011falt\u0131lmas\u0131 veya kopyalanmas\u0131 kesinlikle yasakt\u0131r.<\/p>\n<p><strong>Genel H\u00fck\u00fcmler: <\/strong><\/p>\n<p>Ziyaret\u00e7iler ve kullan\u0131c\u0131lar, https:\/\/sadewoodenlights.com\/ kullan\u0131m\u0131n\u0131 yaln\u0131zca hukuka uygun ama\u00e7larla ger\u00e7ekle\u015ftireceklerini ve \u00fc\u00e7\u00fcnc\u00fc ki\u015filerin haklar\u0131na tecav\u00fcz te\u015fkil edecek nitelikteki herhangi bir faaliyette bulunmayacaklar\u0131n\u0131 kabul ederler. Ziyaret ve kullan\u0131m s\u00fcresince ger\u00e7ekle\u015ftirdikleri her t\u00fcr i\u015flem hakk\u0131nda hukuki ve cezai sorumluluk m\u00fcnferiden ziyaret\u00e7inin veya kullan\u0131c\u0131n\u0131n kendisine aittir.<\/p>\n<p><strong>Sorumlulu\u011fun S\u0131n\u0131rland\u0131r\u0131lmas\u0131: <\/strong><\/p>\n<p>Adreslerin kullan\u0131m\u0131ndan do\u011fan zararlara ili\u015fkin SADE AYDINLATMA \u00dcR\u00dcNLER\u0130 SANAY\u0130 VE T\u0130CARET ANON\u0130M \u015e\u0130RKET\u0130 sorumlulu\u011fu, kast ve a\u011f\u0131r ihmal ile s\u0131n\u0131rl\u0131d\u0131r.<\/p>\n<p><strong>Uyu\u015fmazl\u0131k \u00c7\u00f6z\u00fcm\u00fc: <\/strong><\/p>\n<p>Kullan\u0131m \u015eartlar\u0131n\u0131n uygulanmas\u0131ndan veya yorumlanmas\u0131ndan do\u011facak her t\u00fcrl\u00fc uyu\u015fmazl\u0131\u011f\u0131n \u00e7\u00f6z\u00fcm\u00fcnde, T\u00fcrk Hukuku uygulan\u0131r. \u0130stanbul Mahkemeleri yetkilidir.<\/p>\t\t\t\t\t\t\t\t<\/div>\n\t\t\t\t<\/div>\n\t\t\t\t\t<\/div>\n\t\t\t\t<\/div>\n\t\t\t\t<\/div>","protected":false},"excerpt":{"rendered":"<p>http:\/\/sadewoodenlights.com\/ &#8211; Kullan\u0131m Ko\u015fullar\u0131 Son G\u00fcncelleme: 18.11.2024 Kullan\u0131m Ko\u015fullar\u0131, http:\/\/sadewoodenlights.com\/ ve bu https:\/\/sadewoodenlights.com\/ \u00fczerinden sunulan \u00fcr\u00fcn ve hizmetlerin fikri hak<\/p>","protected":false},"author":1,"featured_media":0,"parent":0,"menu_order":0,"comment_status":"closed","ping_status":"closed","template":"","meta":{"footnotes":""},"class_list":["post-16184","page","type-page","status-publish","hentry"],"_links":{"self":[{"href":"https:\/\/sadewoodenlights.com\/en\/wp-json\/wp\/v2\/pages\/16184","targetHints":{"allow":["GET"]}}],"collection":[{"href":"https:\/\/sadewoodenlights.com\/en\/wp-json\/wp\/v2\/pages"}],"about":[{"href":"https:\/\/sadewoodenlights.com\/en\/wp-json\/wp\/v2\/types\/page"}],"author":[{"embeddable":true,"href":"https:\/\/sadewoodenlights.com\/en\/wp-json\/wp\/v2\/users\/1"}],"replies":[{"embeddable":true,"href":"https:\/\/sadewoodenlights.com\/en\/wp-json\/wp\/v2\/comments?post=16184"}],"version-history":[{"count":5,"href":"https:\/\/sadewoodenlights.com\/en\/wp-json\/wp\/v2\/pages\/16184\/revisions"}],"predecessor-version":[{"id":16747,"href":"https:\/\/sadewoodenlights.com\/en\/wp-json\/wp\/v2\/pages\/16184\/revisions\/16747"}],"wp:attachment":[{"href":"https:\/\/sadewoodenlights.com\/en\/wp-json\/wp\/v2\/media?parent=16184"}],"curies":[{"name":"wp","href":"https:\/\/api.w.org\/{rel}","templated":true}]}}