{"id":16185,"date":"2024-11-16T23:57:13","date_gmt":"2024-11-16T20:57:13","guid":{"rendered":"https:\/\/www.blesyum.support\/?page_id=16185"},"modified":"2025-10-06T16:16:59","modified_gmt":"2025-10-06T13:16:59","slug":"web-sitesi-uyelik-ve-kullanim-sartlari-sozlesmesi","status":"publish","type":"page","link":"https:\/\/sadewoodenlights.com\/en\/web-sitesi-uyelik-ve-kullanim-sartlari-sozlesmesi\/","title":{"rendered":"Website Membership and Terms of Use Agreement"},"content":{"rendered":"<div data-elementor-type=\"wp-page\" data-elementor-id=\"16185\" class=\"elementor elementor-16185\">\n\t\t\t\t<div class=\"wd-negative-gap elementor-element elementor-element-34cca1a6 e-flex e-con-boxed e-con e-parent\" data-id=\"34cca1a6\" data-element_type=\"container\" data-e-type=\"container\">\n\t\t\t\t\t<div class=\"e-con-inner\">\n\t\t\t\t<div class=\"elementor-element elementor-element-d702484 color-scheme-inherit text-left elementor-widget elementor-widget-text-editor\" data-id=\"d702484\" data-element_type=\"widget\" data-e-type=\"widget\" data-widget_type=\"text-editor.default\">\n\t\t\t\t<div class=\"elementor-widget-container\">\n\t\t\t\t\t\t\t\t\t\n<p><strong>\u00dcYEL\u0130K VE KULLANIM \u015eARTLARI S\u00d6ZLE\u015eMES\u0130 <\/strong><\/p>\n<p>http:\/\/sadewoodenlights.com\/ adresi (\u201cWeb Sitesi\u201d) \u00fczerinden sunulan \u00fcr\u00fcn ve hizmetlerden yararlanmadan \u00f6nce \u00dcye Kullan\u0131c\u0131lar\u0131n i\u015fbu \u00dcyelik ve Kullan\u0131m \u015eartlar\u0131 S\u00f6zle\u015fmesini kabul etmeleri gerekmektedir. S\u00f6zle\u015fme i\u00e7erisinde yer alan Kullan\u0131m \u015eartlar\u0131, \u00dcye stat\u00fcs\u00fcnde olmayan di\u011fer Kullan\u0131c\u0131 ve Ziyaret\u00e7iler i\u00e7in de ge\u00e7erlidir. Web Sitesini ziyaret etti\u011finiz, kulland\u0131\u011f\u0131n\u0131z ve Siteden yararland\u0131\u011f\u0131n\u0131z s\u00fcrece stat\u00fcn\u00fcze uygun d\u00fc\u015ft\u00fc\u011f\u00fc \u00f6l\u00e7\u00fcde i\u015fbu S\u00f6zle\u015fme h\u00fck\u00fcmleri uygulanacakt\u0131r.<\/p>\n<ol>\n<li><strong> Kullan\u0131m ve G\u00fcvenlik Kurallar\u0131 <\/strong><\/li>\n<\/ol>\n<p>1.1 \u00dcye kayd\u0131 olu\u015fturma i\u015flemi \u00fccretsizdir. \u00dcyeler, \u00fcye olmayan Kullan\u0131c\u0131lardan farkl\u0131 olarak Web Sitesi \u00fczerinden sunulan \u00fcr\u00fcn ve hizmetlerden belirli d\u00f6nemlerde avantajl\u0131 olarak yararland\u0131r\u0131l\u0131rlar.<\/p>\n<p>1.2 \u00dcye, di\u011fer Kullan\u0131c\u0131 ve Ziyaret\u00e7iler, Web Sitesinde bulunduklar\u0131 s\u00fcre boyunca a\u015fa\u011f\u0131daki kurallara uymakla y\u00fck\u00fcml\u00fcd\u00fcrler, aksi takdirde Web Sitesi y\u00f6netimi bu ki\u015filerin adresi kullanmalar\u0131n\u0131 engelleyebilir ve ki\u015filer hakk\u0131nda yasal i\u015flem ba\u015flatabilir.<\/p>\n<p>1.2.a Yanl\u0131\u015f, d\u00fczensiz, eksik ve yan\u0131lt\u0131c\u0131 bilgiler, genel ahlak kurallar\u0131na uygun olmayan ifadeler i\u00e7eren ve T\u00fcrkiye Cumhuriyeti yasalar\u0131yla ters d\u00fc\u015fen bilgilerin Sitede yorum (i\u00e7erik) olarak payla\u015f\u0131lmas\u0131 yasakt\u0131r.<\/p>\n<p>1.2.b Sitenin tasar\u0131m\u0131, fonksiyonlar\u0131, \u00e7al\u0131\u015fma prensibi, g\u00f6rsel ve yaz\u0131l\u0131 i\u00e7eri\u011fi \u00fczerindeki her t\u00fcr hak SADE AYDINLATMA \u00dcR\u00dcNLER\u0130 SANAY\u0130 VE T\u0130CARET ANON\u0130M \u015e\u0130RKET\u0130 firmas\u0131na aittir, bu ki\u015filerden izinsiz olarak k\u0131smen de olsa kopyalanamaz ve kullan\u0131lamaz.<\/p>\n<p>1.2.c. \u00dcye Kullan\u0131c\u0131lar \u00fcye kayd\u0131 olu\u015ftururken belirledikleri kullan\u0131c\u0131 ad\u0131 ve \u015fifre bilgilerinin g\u00fcvenli\u011finden sorumludurlar. Bu bilgileri \u00fc\u00e7\u00fcnc\u00fc ki\u015fi ve kurulu\u015flarla payla\u015fmalar\u0131 ve bunlara kulland\u0131rmalar\u0131 nedeniyle olu\u015fabilecek her t\u00fcr zarardan do\u011frudan ilgili \u00dcye Kullan\u0131c\u0131 sorumludur.<\/p>\n<p>1.2.d \u00dcye Kullan\u0131c\u0131lar ve di\u011fer Kullan\u0131c\u0131lar, \u00fcr\u00fcn sat\u0131n alma i\u015flemi esnas\u0131nda ba\u015fkas\u0131na ait IP adresi, e-posta adresi, kullan\u0131c\u0131 ad\u0131 ve benzeri ki\u015fisel verileri kullanmamal\u0131d\u0131rlar. Aksi durum \u201ckimlik h\u0131rs\u0131zl\u0131\u011f\u0131\u201d te\u015fkil edebilir ve hakk\u0131n\u0131zda yasal i\u015flem ba\u015flat\u0131lmas\u0131 gerekebilir. Bu h\u00fckme ayk\u0131r\u0131 hareket eden ki\u015filer her t\u00fcr hukuki ve cezai y\u00fck\u00fcml\u00fcl\u00fc\u011f\u00fc kabul etmi\u015f say\u0131l\u0131r.<\/p>\n<p>1.2.e Sitenin g\u00fcvenli\u011fini tehdit edecek, Sitede yer alan fonksiyonlar\u0131n \u00e7al\u0131\u015fmas\u0131n\u0131 engelleyecek i\u015flemlerde bulunmas\u0131, yaz\u0131l\u0131mlar\u0131n kullan\u0131lmas\u0131, Site ve ara y\u00fcz\u00fcnde yer alan bilgilerin Site y\u00f6netiminin kontrol\u00fc d\u0131\u015f\u0131nda elde edilmeye \u00e7al\u0131\u015f\u0131lmas\u0131 yasakt\u0131r. Bu h\u00fckme ayk\u0131r\u0131 hareket eden ki\u015filer her t\u00fcr hukuki ve cezai y\u00fck\u00fcml\u00fcl\u00fc\u011f\u00fc kabul etmi\u015f say\u0131l\u0131r.<\/p>\n<ol start=\"2\">\n<li><strong> Sorumluluklar <\/strong><\/li>\n<\/ol>\n<p>2.1 Site Ziyaret\u00e7ilerinin bilgileri (ziyaret s\u00fcresi, zaman\u0131, g\u00f6r\u00fcnt\u00fclenen sayfalar) Site i\u015fleyi\u015fini verimli hale getirmek ve \u00fcr\u00fcn\/hizmet kalitesini art\u0131rmak amac\u0131yla takip edilmektedir. Bu bilgiler, veri koruma mevzuat\u0131na ba\u011fl\u0131 kal\u0131narak, i\u00e7eri\u011fi Ziyaret\u00e7i ve Kullan\u0131c\u0131 deneyimlerini iyile\u015ftirmek amac\u0131 ile dijital reklam ve pazarlama konusunda i\u015fbirli\u011fi yapt\u0131\u011f\u0131m\u0131z firmalarla payla\u015f\u0131lmaktad\u0131r.<\/p>\n<p>2.2 \u00dcye kayd\u0131 olu\u015fturan \u00dcye Kullan\u0131c\u0131, kay\u0131t i\u00e7in gerekli olan b\u00f6l\u00fcmleri doldurup elektronik posta adresini onaylad\u0131ktan sonra i\u015fbu S\u00f6zle\u015fmeye uygun \u015fekilde elektronik posta adresini ve \u015fifresini girerek Siteyi kullanmaya ba\u015flayabilir.<\/p>\n<p>2.3 Kullan\u0131c\u0131, Sitede bulunan \u00fcr\u00fcn ve hizmetlerden yararlan\u0131rken, T\u00fcrk Ceza Kanunu, T\u00fcrk Ticaret Kanunu, Fikir ve Sanat Eserleri Kanunu, Marka ve Patent Haklar\u0131n\u0131n Korunmas\u0131 ile ilgili Kanun H\u00fckm\u00fcnde Kararnameler ve yasal d\u00fczenlemeler, di\u011fer ilgili mevzuat h\u00fck\u00fcmleri ile http:\/\/sadewoodenlights.com\/ adresi \u00fczerinden yay\u0131nlanacak her t\u00fcrl\u00fc bildirime uymay\u0131 kabul eder. Bu bildirimlere ve mevzuata ayk\u0131r\u0131 kullan\u0131m sebebiyle do\u011fabilecek hukuki, cezai ve mali her t\u00fcrl\u00fc sorumluluk Kullan\u0131c\u0131ya aittir.<\/p>\n<p>2.4 Kullan\u0131c\u0131n\u0131n i\u015fbu S\u00f6zle\u015fmede belirtilen y\u00fck\u00fcml\u00fcl\u00fcklere ve Sitede yay\u0131nlanan Bildirimlere uymad\u0131\u011f\u0131n\u0131n tespiti halinde, Kullan\u0131c\u0131n\u0131n Siteden yararlanmas\u0131 s\u00fcreli veya s\u00fcresiz olarak engellenebilir ve\/veya \u00dcye Kullan\u0131c\u0131 kayd\u0131 kapat\u0131labilir.<\/p>\n<p>2.5 \u00dcye Kullan\u0131c\u0131, di\u011fer Kullan\u0131c\u0131 ve Ziyaret\u00e7iler, birbirlerinin Siteyi kullanmalar\u0131n\u0131 \u00f6nleyici veya zorla\u015ft\u0131r\u0131c\u0131 hareketlerde bulunamaz, sunucular\u0131 veya veri tabanlar\u0131n\u0131 otomatik programlar y\u00fckleyip kilitleyemez. Hile giri\u015fimlerinde bulunamaz. Bulunmas\u0131 halinde do\u011fabilecek her t\u00fcrl\u00fc hukuki, cezai sorumlulu\u011fu kabul eder.<\/p>\n<p>2.6 Kullan\u0131c\u0131, Siteden \u00fczerinden elde edilmi\u015f dijital ve bas\u0131l\u0131 hi\u00e7bir materyal \u00fczerinden telif hakk\u0131, ticari marka ve sair fikri haklarla ilgili a\u00e7\u0131klamalar\u0131 silemez veya \u00e7\u0131kartamaz.<\/p>\n<p>2.7 \u00dcyelik iptali ve hesap silme i\u015flemi, \u00dcye Kullan\u0131c\u0131 taraf\u0131ndan Site \u00fczerinden yap\u0131labilir. \u00dcyeli\u011fini sonland\u0131ran Kullan\u0131c\u0131n\u0131n \u00dcyelik Kayd\u0131 sonland\u0131r\u0131l\u0131r.<\/p>\n<p>2.8 Sitenin belirli alanlar\u0131nda o alana \u00f6zel farkl\u0131 kurallar ve y\u00fck\u00fcml\u00fcl\u00fckler bildirilebilir. Bu alanlardan yararlanan ki\u015filer, i\u015fbu S\u00f6zle\u015fmenin 2.3 h\u00fckm\u00fcnde belirtildi\u011fi \u015fekilde ilgili Bildirimlere uymak zorundad\u0131r.<\/p>\n<p>2.9 \u00dcye Kullan\u0131c\u0131lar\u0131n, di\u011fer Kullan\u0131c\u0131lar\u0131n ve Ziyaret\u00e7ilerin ki\u015fisel verileri veri koruma mevzuat\u0131na uygun \u015fekilde i\u015flenir. Bu kapsamda bu ki\u015filerin web sitesinde yer alan \u201cAyd\u0131nlatma Bildirimini\u201d okumalar\u0131 gerekmektedir.<\/p>\n<p>2.10. \u00dcye Kullan\u0131c\u0131 ve di\u011fer Kullan\u0131c\u0131lar Site \u00fczerinden yapacaklar\u0131 al\u0131\u015fveri\u015flerde kulland\u0131klar\u0131 \u00f6deme bilgilerinin (kredi kart\u0131, GSM numaras\u0131 bilgileri vb.) do\u011fru oldu\u011funu bunlardan kaynaklanan hukuki ve cezai sorumlulu\u011fun kendilerine ait oldu\u011funu kabul etmi\u015f say\u0131l\u0131rlar. \u00dcye Kullan\u0131c\u0131lar, \u00fcye i\u015flem alan\u0131na kaydettikleri \u00f6deme bilgilerinin sonraki al\u0131\u015fveri\u015flerde kullan\u0131lmas\u0131na onay verirler.<\/p>\n<ol start=\"3\">\n<li><strong> Tebligat Adresleri <\/strong><\/li>\n<\/ol>\n<p>3.1 Site \u00dcye Kullan\u0131c\u0131lar\u0131 ve di\u011fer Kullan\u0131c\u0131lar, bildirdikleri elektronik posta adresinin Resmi yaz\u0131\u015fma ve bildirim adresi oldu\u011funu, sonraki yaz\u0131\u015fmalar i\u00e7in gereken yaz\u0131l\u0131 adresin bu kanal \u00fczerinden talep edilebilece\u011fini ve bildirilebilece\u011fini kabul ederler. Elektronik posta adresinde yap\u0131lacak her t\u00fcr de\u011fi\u015fikli\u011fin Site y\u00f6netimine bildirilmesi gerekmektedir.<\/p>\n<p>3.2 \u00dcye Kullan\u0131c\u0131 ve di\u011fer Kullan\u0131c\u0131n\u0131n kay\u0131tl\u0131 elektronik posta adresine yap\u0131lacak her t\u00fcr bildirimin elektronik postan\u0131n SADE AYDINLATMA \u00dcR\u00dcNLER\u0130 SANAY\u0130 VE T\u0130CARET ANON\u0130M \u015e\u0130RKET\u0130 taraf\u0131ndan yollanmas\u0131ndan 1 (bir) g\u00fcn sonra ilgili Kullan\u0131c\u0131ya ula\u015ft\u0131\u011f\u0131 kabul edilecektir.<\/p>\t\t\t\t\t\t\t\t<\/div>\n\t\t\t\t<\/div>\n\t\t\t\t\t<\/div>\n\t\t\t\t<\/div>\n\t\t\t\t<\/div>","protected":false},"excerpt":{"rendered":"<p>\u00dcYEL\u0130K VE KULLANIM \u015eARTLARI S\u00d6ZLE\u015eMES\u0130 http:\/\/sadewoodenlights.com\/ adresi (\u201cWeb Sitesi\u201d) \u00fczerinden sunulan \u00fcr\u00fcn ve hizmetlerden yararlanmadan \u00f6nce \u00dcye Kullan\u0131c\u0131lar\u0131n i\u015fbu \u00dcyelik<\/p>","protected":false},"author":1,"featured_media":0,"parent":0,"menu_order":0,"comment_status":"closed","ping_status":"closed","template":"","meta":{"footnotes":""},"class_list":["post-16185","page","type-page","status-publish","hentry"],"_links":{"self":[{"href":"https:\/\/sadewoodenlights.com\/en\/wp-json\/wp\/v2\/pages\/16185","targetHints":{"allow":["GET"]}}],"collection":[{"href":"https:\/\/sadewoodenlights.com\/en\/wp-json\/wp\/v2\/pages"}],"about":[{"href":"https:\/\/sadewoodenlights.com\/en\/wp-json\/wp\/v2\/types\/page"}],"author":[{"embeddable":true,"href":"https:\/\/sadewoodenlights.com\/en\/wp-json\/wp\/v2\/users\/1"}],"replies":[{"embeddable":true,"href":"https:\/\/sadewoodenlights.com\/en\/wp-json\/wp\/v2\/comments?post=16185"}],"version-history":[{"count":5,"href":"https:\/\/sadewoodenlights.com\/en\/wp-json\/wp\/v2\/pages\/16185\/revisions"}],"predecessor-version":[{"id":16751,"href":"https:\/\/sadewoodenlights.com\/en\/wp-json\/wp\/v2\/pages\/16185\/revisions\/16751"}],"wp:attachment":[{"href":"https:\/\/sadewoodenlights.com\/en\/wp-json\/wp\/v2\/media?parent=16185"}],"curies":[{"name":"wp","href":"https:\/\/api.w.org\/{rel}","templated":true}]}}