{"id":15752,"date":"2024-11-07T21:46:43","date_gmt":"2024-11-07T18:46:43","guid":{"rendered":"https:\/\/www.blesyum.support\/?post_type=product&#038;p=15752"},"modified":"2026-02-09T12:40:55","modified_gmt":"2026-02-09T09:40:55","slug":"cam-agaci-kaplamali-tavan-sarkit","status":"publish","type":"product","link":"https:\/\/sadewoodenlights.com\/en\/cam-agaci-kaplamali-tavan-sarkit\/","title":{"rendered":"VALO Pine Wood Veneered Handmade Ceiling Pendant Lamp"},"content":{"rendered":"<p><strong>VALO Handmade Ceiling Pendant Made of Pine Wood Veneer<\/strong><\/p>\n<p>VALO offers modern lighting solutions with handmade ceiling pendants made of pine veneer. These ceiling pendants attract attention in both homes and commercial spaces with their aesthetic design and functionality. The natural structure and warm color tones of the pine tree add an elegant atmosphere to spaces, while the handmade nature of each product makes it unique.<\/p>\n<p><strong>Design and Material<\/strong><\/p>\n<p>VALO tavan sark\u0131tlar\u0131, y\u00fcksek kaliteli \u00e7am a\u011fac\u0131 kaplamas\u0131ndan \u00fcretilmi\u015ftir. \u00c7am, hafifli\u011fi, dayan\u0131kl\u0131l\u0131\u011f\u0131 ve uygun fiyat\u0131 ile bilinir. Ayr\u0131ca, do\u011fal yap\u0131s\u0131 sayesinde i\u00e7 mekanlarda ferah bir hava yarat\u0131r.<strong>\u00a0<\/strong>Ah\u015fap kaplama, her bir sark\u0131t\u0131 e\u015fsiz k\u0131lar; \u00e7\u00fcnk\u00fc her par\u00e7an\u0131n kendine \u00f6zg\u00fc desenleri ve renk tonlar\u0131 vard\u0131r. \u00c7am a\u011fac\u0131, hem rustik hem de modern dekorasyon tarzlar\u0131yla uyum sa\u011flar, bu da \u00fcr\u00fcnleri \u00e7e\u015fitli mekanlar i\u00e7in ideal hale getirir.<\/p>\n<p><strong>Stylish and Modern Lighting<\/strong><\/p>\n<p>VALO el yap\u0131m\u0131 tavan sark\u0131tlar\u0131, minimalist ve modern tasar\u0131m anlay\u0131\u015f\u0131yla \u00fcretilmi\u015ftir. <strong>\u00c7am A\u011fac\u0131 Kaplama <\/strong>Geni\u015f bir kullan\u0131m alan\u0131na sahip olan bu sark\u0131tlar, oturma odas\u0131, yemek odas\u0131 veya ofis alan\u0131nda kullan\u0131lmak \u00fczere m\u00fckemmel bir ayd\u0131nlatma \u00e7\u00f6z\u00fcm\u00fcd\u00fcr. \u00c7am a\u011fac\u0131n\u0131n s\u0131cak tonlar\u0131, mekanda davetkar bir hava yarat\u0131rken, estetik bir g\u00f6r\u00fcn\u00fcm sunar.<\/p>\n<p><strong>Energy Efficiency<\/strong><\/p>\n<p>VALO ceiling pendants are designed to be compatible with energy efficient bulbs. This feature provides both energy savings and an environmentally friendly lighting option. You can add warmth and peace to your spaces with warm white light. Energy efficiency provides both an environmentally friendly approach and reduces your electricity bills.<\/p>\n<p><strong>Areas of Use<\/strong><\/p>\n<p><strong>Home Use:<\/strong><\/p>\n<p><strong>Yemek masas\u0131:<\/strong> Aile yemekleri ve misafirlerinizi a\u011f\u0131rlamak i\u00e7in m\u00fckemmel bir ayd\u0131nlatma sa\u011flar.<br \/>\n<strong>Sitting room:<\/strong> Rahat bir atmosfer yarat\u0131r ve misafirlerinizi etkiler.<br \/>\n<strong>Yatak odas\u0131<\/strong>: S\u0131cak ve huzurlu bir ortam olu\u015fturur.<\/p>\n<p><strong>Commercial Spaces:<\/strong><\/p>\n<p>Restaurants: Impress your guests by creating a stylish ambiance.<br \/>\nCafes: Keep your customers for a long time by offering a relaxed atmosphere.<br \/>\nShops: Ideal for highlighting your products and enhancing the shopping experience.<\/p>\n<p><strong>Maintenance and Use<\/strong><\/p>\n<p>The maintenance of pine covered pendants is quite simple. Wiping with a soft cloth is sufficient. Using natural wood allows it to gain more character over time. Regular cleaning preserves the aesthetic appearance of the products and contributes to their longevity.<\/p>\n<p><strong>Conclusion<\/strong><\/p>\n<p>VALO \u00e7am a\u011fac\u0131 kaplamal\u0131 el yap\u0131m\u0131 tavan sark\u0131tlar\u0131, \u015f\u0131k tasar\u0131m\u0131, enerji verimlili\u011fi ve do\u011fal malzeme kullan\u0131m\u0131 ile \u00f6ne \u00e7\u0131kmaktad\u0131r. Mekan\u0131n\u0131za s\u0131cakl\u0131k ve zarafet katmak i\u00e7in bu benzersiz \u00fcr\u00fcnleri tercih edebilirsiniz. Kullan\u0131c\u0131lar\u0131n ihtiya\u00e7lar\u0131na uygun ayd\u0131nlatma \u00e7\u00f6z\u00fcmleri sunan VALO,<strong>\u00a0<\/strong>modern ya\u015fam alanlar\u0131n\u0131z\u0131 daha davetkar hale getirecektir.<\/p>","protected":false},"excerpt":{"rendered":"<div class=\"flex-1 overflow-hidden\">\n<div class=\"h-full\">\n<div class=\"react-scroll-to-bottom--css-labca-79elbk h-full\">\n<div class=\"react-scroll-to-bottom--css-labca-1n7m0yu\">\n<div class=\"flex flex-col text-sm md:pb-9\">\n<article class=\"w-full text-token-text-primary focus-visible:outline-2 focus-visible:outline-offset-[-4px]\" dir=\"auto\" data-testid=\"conversation-turn-45\" data-scroll-anchor=\"true\">\n<div class=\"m-auto text-base py-[18px] px-3 md:px-4 w-full md:px-5 lg:px-4 xl:px-5\">\n<div class=\"mx-auto flex flex-1 gap-4 text-base md:gap-5 lg:gap-6 md:max-w-3xl lg:max-w-[40rem] xl:max-w-[48rem]\">\n<div class=\"group\/conversation-turn relative flex w-full min-w-0 flex-col agent-turn\">\n<div class=\"flex-col gap-1 md:gap-3\">\n<div class=\"flex max-w-full flex-col flex-grow\">\n<div class=\"min-h-8 text-message flex w-full flex-col items-end gap-2 whitespace-normal break-words [.text-message+&amp;]:mt-5\" dir=\"auto\" data-message-author-role=\"assistant\" data-message-id=\"e8d3dadf-c954-428f-9a1e-8a355822685b\" data-message-model-slug=\"gpt-4o-mini\">\n<div class=\"flex w-full flex-col gap-1 empty:hidden first:pt-[3px]\">\n<div class=\"result-streaming markdown prose w-full break-words dark:prose-invert light\">\n<p>VALO \u00e7am a\u011fac\u0131 kaplamas\u0131ndan yap\u0131lan el yap\u0131m\u0131 tavan sark\u0131tlar\u0131, do\u011fal malzeme kullan\u0131m\u0131 ve zarif tasar\u0131m\u0131yla mekan\u0131n\u0131za s\u0131cakl\u0131k ve estetik kat\u0131yor. Modern ayd\u0131nlatma \u00e7\u00f6z\u00fcmleri sunarak ya\u015fam alanlar\u0131n\u0131za davetkar bir hava getirir<\/p>\n<\/div>\n<\/div>\n<\/div>\n<\/div>\n<\/div>\n<\/div>\n<\/div>\n<\/div>\n<\/article>\n<\/div>\n<\/div>\n<\/div>\n<\/div>\n<\/div>\n","protected":false},"featured_media":15902,"comment_status":"open","ping_status":"closed","template":"","meta":[],"product_brand":[386],"product_cat":[73],"product_tag":[],"class_list":{"0":"post-15752","1":"product","2":"type-product","3":"status-publish","4":"has-post-thumbnail","6":"product_brand-sade-wooden-lights","7":"product_cat-tavan-sarkitlari","9":"first","10":"instock","11":"sale","12":"taxable","13":"shipping-taxable","14":"purchasable","15":"product-type-simple"},"_links":{"self":[{"href":"https:\/\/sadewoodenlights.com\/en\/wp-json\/wp\/v2\/product\/15752","targetHints":{"allow":["GET"]}}],"collection":[{"href":"https:\/\/sadewoodenlights.com\/en\/wp-json\/wp\/v2\/product"}],"about":[{"href":"https:\/\/sadewoodenlights.com\/en\/wp-json\/wp\/v2\/types\/product"}],"replies":[{"embeddable":true,"href":"https:\/\/sadewoodenlights.com\/en\/wp-json\/wp\/v2\/comments?post=15752"}],"version-history":[{"count":4,"href":"https:\/\/sadewoodenlights.com\/en\/wp-json\/wp\/v2\/product\/15752\/revisions"}],"predecessor-version":[{"id":16336,"href":"https:\/\/sadewoodenlights.com\/en\/wp-json\/wp\/v2\/product\/15752\/revisions\/16336"}],"wp:featuredmedia":[{"embeddable":true,"href":"https:\/\/sadewoodenlights.com\/en\/wp-json\/wp\/v2\/media\/15902"}],"wp:attachment":[{"href":"https:\/\/sadewoodenlights.com\/en\/wp-json\/wp\/v2\/media?parent=15752"}],"wp:term":[{"taxonomy":"product_brand","embeddable":true,"href":"https:\/\/sadewoodenlights.com\/en\/wp-json\/wp\/v2\/product_brand?post=15752"},{"taxonomy":"product_cat","embeddable":true,"href":"https:\/\/sadewoodenlights.com\/en\/wp-json\/wp\/v2\/product_cat?post=15752"},{"taxonomy":"product_tag","embeddable":true,"href":"https:\/\/sadewoodenlights.com\/en\/wp-json\/wp\/v2\/product_tag?post=15752"}],"curies":[{"name":"wp","href":"https:\/\/api.w.org\/{rel}","templated":true}]}}