{"id":16644,"date":"2025-09-05T12:58:39","date_gmt":"2025-09-05T09:58:39","guid":{"rendered":"https:\/\/sadewoodenlights.com\/?post_type=product&#038;p=16644"},"modified":"2026-04-03T16:04:16","modified_gmt":"2026-04-03T13:04:16","slug":"takka-el-yapimi-mazel-kaplama-abajur","status":"publish","type":"product","link":"https:\/\/sadewoodenlights.com\/en\/takka-el-yapimi-mazel-kaplama-abajur\/","title":{"rendered":"TAKKA Handmade Lampshade: Mazel Wood Veneer \u2013 The Light of Nature and Grace"},"content":{"rendered":"<p data-start=\"236\" data-end=\"649\"><strong>TAKKA El Yap\u0131m\u0131 Mazel Kaplama Abajur<\/strong><\/p>\n<p data-start=\"236\" data-end=\"649\">Ev dekorasyonunda ayd\u0131nlatma yaln\u0131zca bir ihtiya\u00e7 de\u011fil, ayn\u0131 zamanda mek\u00e2n\u0131n ruhunu belirleyen en g\u00fc\u00e7l\u00fc unsurlardan biridir. <strong data-start=\"362\" data-end=\"408\">TAKKA el yap\u0131m\u0131 Mazel a\u011fac\u0131 kaplama abajur<\/strong>, ah\u015fab\u0131n s\u0131cakl\u0131\u011f\u0131n\u0131 ve modern tasar\u0131m\u0131n zarafetini bir araya getirerek ya\u015fam alanlar\u0131n\u0131za e\u015fsiz bir atmosfer kazand\u0131r\u0131r. Tamamen el i\u015f\u00e7ili\u011fiyle \u00fcretilen bu \u00f6zel abajur, Mazel a\u011fac\u0131n\u0131n kendine \u00f6zg\u00fc dokusunu modern \u00e7izgilerle bulu\u015fturuyor.<\/p>\n<h2 data-start=\"651\" data-end=\"682\">Do\u011fadan \u0130lham Alan Tasar\u0131m<\/h2>\n<p data-start=\"683\" data-end=\"966\">Her bir <strong data-start=\"691\" data-end=\"707\">TAKKA abajur<\/strong>, \u00f6zenle se\u00e7ilmi\u015f <strong data-start=\"725\" data-end=\"754\">Mazel a\u011fac\u0131 kaplamalardan<\/strong> \u00fcretilir. Mazel a\u011fac\u0131n\u0131n kendine has damarlar\u0131 ve renk tonlar\u0131 sayesinde her \u00fcr\u00fcn benzersiz bir karakter ta\u015f\u0131r. Bu do\u011fal \u00e7e\u015fitlilik, evinizin dekorasyonunda hem \u00f6zg\u00fcn hem de zamans\u0131z bir par\u00e7a olmas\u0131n\u0131 sa\u011flar.<\/p>\n<h2 data-start=\"968\" data-end=\"996\">El \u0130\u015f\u00e7ili\u011finin Zarafeti<\/h2>\n<p data-start=\"997\" data-end=\"1271\">TAKKA, sadece bir ayd\u0131nlatma \u00fcr\u00fcn\u00fc de\u011fil, ayn\u0131 zamanda bir sanat eseridir. Usta ellerde \u015fekillenen ah\u015fap g\u00f6vdesi, p\u00fcr\u00fczs\u00fcz z\u0131mparalanm\u0131\u015f y\u00fczeyi ve kusursuz formuyla dikkat \u00e7eker. El eme\u011fiyle \u00fcretilmesi, abajuru seri \u00fcretim \u00fcr\u00fcnlerden ay\u0131r\u0131r ve ona \u00f6zel bir ruh kazand\u0131r\u0131r.<\/p>\n<h2 data-start=\"1273\" data-end=\"1307\">S\u0131cak ve Huzurlu Bir Atmosfer<\/h2>\n<p data-start=\"1308\" data-end=\"1558\">Yayd\u0131\u011f\u0131 <strong data-start=\"1316\" data-end=\"1341\">yumu\u015fak ve s\u0131cak \u0131\u015f\u0131k<\/strong>, odan\u0131za dinginlik katar. \u0130ster yatak odas\u0131nda kitap okurken ister oturma odas\u0131nda keyifli bir ak\u015fam ge\u00e7irirken, Mazel a\u011fac\u0131 kaplama y\u00fczeyiyle TAKKA\u2019n\u0131n huzur veren \u0131\u015f\u0131\u011f\u0131 mek\u00e2n\u0131n\u0131za samimiyet ve estetik kazand\u0131r\u0131r.<\/p>\n<h2 data-start=\"1560\" data-end=\"1596\">Modern ve Klasik Dekorlara Uyum<\/h2>\n<p data-start=\"1597\" data-end=\"1839\">Minimalist \u00e7izgileriyle <strong data-start=\"1621\" data-end=\"1654\">modern dekorasyon stilleriyle<\/strong> uyum sa\u011flarken, do\u011fal Mazel a\u011fac\u0131 kaplamas\u0131 sayesinde klasik ve rustik tarzlara da kolayca entegre olur. B\u00f6ylece TAKKA, evinizin her k\u00f6\u015fesinde \u015f\u0131k bir tamamlay\u0131c\u0131 unsur haline gelir.<\/p>\n<h2 data-start=\"1841\" data-end=\"1875\">Uzun \u00d6m\u00fcrl\u00fc ve S\u00fcrd\u00fcr\u00fclebilir<\/h2>\n<p data-start=\"1876\" data-end=\"2142\">Enerji tasarruflu LED ampullerle uyumlu olan TAKKA, \u00e7evre dostu bir ayd\u0131nlatma \u00e7\u00f6z\u00fcm\u00fcd\u00fcr. Mazel a\u011fac\u0131n\u0131n dayan\u0131kl\u0131l\u0131\u011f\u0131 ve do\u011fal yap\u0131s\u0131, hem s\u00fcrd\u00fcr\u00fclebilirlik hem de uzun \u00f6m\u00fcr a\u00e7\u0131s\u0131ndan b\u00fcy\u00fck avantaj sa\u011flar. Y\u0131llar boyu g\u00fcvenle kullanabilece\u011finiz \u00f6zel bir par\u00e7ad\u0131r.<\/p>\n<h2 data-start=\"2144\" data-end=\"2161\">Why Choose TAKKA?<\/h2>\n<ul data-start=\"2162\" data-end=\"2377\">\n<li data-start=\"2162\" data-end=\"2193\">\n<p data-start=\"2164\" data-end=\"2193\">%100 el yap\u0131m\u0131 ve benzersiz<\/p>\n<\/li>\n<li data-start=\"2194\" data-end=\"2250\">\n<p data-start=\"2196\" data-end=\"2250\">Natural <strong data-start=\"2202\" data-end=\"2225\">Mazel wood veneer<\/strong> ile s\u0131cak bir atmosfer<\/p>\n<\/li>\n<li data-start=\"2251\" data-end=\"2293\">\n<p data-start=\"2253\" data-end=\"2293\">Modern ve klasik dekorasyonlara uyumlu<\/p>\n<\/li>\n<li data-start=\"2294\" data-end=\"2330\">\n<p data-start=\"2296\" data-end=\"2330\">Enerji tasarruflu ve \u00e7evre dostu<\/p>\n<\/li>\n<li data-start=\"2331\" data-end=\"2377\">\n<p data-start=\"2333\" data-end=\"2377\">\u015e\u0131kl\u0131\u011f\u0131yla ayn\u0131 zamanda dekoratif bir obje<\/p>\n<\/li>\n<\/ul>\n<p data-start=\"2396\" data-end=\"2737\"><strong data-start=\"2396\" data-end=\"2442\">TAKKA el yap\u0131m\u0131 Mazel a\u011fac\u0131 kaplama abajur<\/strong>, do\u011fall\u0131k ve esteti\u011fi bir araya getiren \u00f6zg\u00fcn bir tasar\u0131m. Ya\u015fam alanlar\u0131n\u0131za s\u0131cakl\u0131k, huzur ve \u015f\u0131kl\u0131k katmak isteyenler i\u00e7in m\u00fckemmel bir se\u00e7im. Mazel a\u011fac\u0131n\u0131n zarafetini evinize ta\u015f\u0131yan bu \u00f6zel lamba, yaln\u0131zca bir ayd\u0131nlatma de\u011fil, ayn\u0131 zamanda \u00f6m\u00fcr boyu yan\u0131n\u0131zda kalacak bir sanat eseri.<\/p>","protected":false},"excerpt":{"rendered":"<p>TAKKA El Yap\u0131m\u0131 Mazel Kaplama Abajur Ev dekorasyonunda ayd\u0131nlatma yaln\u0131zca bir ihtiya\u00e7 de\u011fil, ayn\u0131 zamanda mek\u00e2n\u0131n ruhunu belirleyen en g\u00fc\u00e7l\u00fc<\/p>","protected":false},"featured_media":17171,"comment_status":"open","ping_status":"closed","template":"","meta":[],"product_brand":[386],"product_cat":[147,20],"product_tag":[398,404,397],"class_list":{"0":"post-16644","1":"product","2":"type-product","3":"status-publish","4":"has-post-thumbnail","6":"product_brand-sade-wooden-lights","7":"product_cat-masa-abajur","8":"product_cat-accessories","9":"product_tag-abajur","10":"product_tag-aydinlatma","11":"product_tag-masa-abajuru","13":"first","14":"instock","15":"sale","16":"taxable","17":"shipping-taxable","18":"purchasable","19":"product-type-simple"},"_links":{"self":[{"href":"https:\/\/sadewoodenlights.com\/en\/wp-json\/wp\/v2\/product\/16644","targetHints":{"allow":["GET"]}}],"collection":[{"href":"https:\/\/sadewoodenlights.com\/en\/wp-json\/wp\/v2\/product"}],"about":[{"href":"https:\/\/sadewoodenlights.com\/en\/wp-json\/wp\/v2\/types\/product"}],"replies":[{"embeddable":true,"href":"https:\/\/sadewoodenlights.com\/en\/wp-json\/wp\/v2\/comments?post=16644"}],"version-history":[{"count":1,"href":"https:\/\/sadewoodenlights.com\/en\/wp-json\/wp\/v2\/product\/16644\/revisions"}],"predecessor-version":[{"id":16654,"href":"https:\/\/sadewoodenlights.com\/en\/wp-json\/wp\/v2\/product\/16644\/revisions\/16654"}],"wp:featuredmedia":[{"embeddable":true,"href":"https:\/\/sadewoodenlights.com\/en\/wp-json\/wp\/v2\/media\/17171"}],"wp:attachment":[{"href":"https:\/\/sadewoodenlights.com\/en\/wp-json\/wp\/v2\/media?parent=16644"}],"wp:term":[{"taxonomy":"product_brand","embeddable":true,"href":"https:\/\/sadewoodenlights.com\/en\/wp-json\/wp\/v2\/product_brand?post=16644"},{"taxonomy":"product_cat","embeddable":true,"href":"https:\/\/sadewoodenlights.com\/en\/wp-json\/wp\/v2\/product_cat?post=16644"},{"taxonomy":"product_tag","embeddable":true,"href":"https:\/\/sadewoodenlights.com\/en\/wp-json\/wp\/v2\/product_tag?post=16644"}],"curies":[{"name":"wp","href":"https:\/\/api.w.org\/{rel}","templated":true}]}}