{"id":16682,"date":"2025-09-08T18:45:19","date_gmt":"2025-09-08T15:45:19","guid":{"rendered":"https:\/\/sadewoodenlights.com\/?post_type=product&#038;p=16682"},"modified":"2026-04-02T23:27:49","modified_gmt":"2026-04-02T20:27:49","slug":"tikku-mazel-kaplama-el-yapimi-abajur","status":"publish","type":"product","link":"https:\/\/sadewoodenlights.com\/en\/tikku-mazel-kaplama-el-yapimi-abajur\/","title":{"rendered":"TIKKU Handmade Mazel Veneer Lampshade"},"content":{"rendered":"<p data-start=\"440\" data-end=\"764\"><strong data-start=\"440\" data-end=\"480\">TIKKU Handmade Mazel Veneer Lampshade<\/strong>, do\u011fall\u0131\u011f\u0131n ve zarafetin modern ya\u015fam alanlar\u0131na ta\u015f\u0131nd\u0131\u011f\u0131 \u00f6zel bir tasar\u0131md\u0131r. Usta ellerde \u015fekillenen bu masa\u00fcst\u00fc abajur, <strong data-start=\"605\" data-end=\"630\">Mazel ah\u015fap kaplamas\u0131<\/strong> ile benzersiz bir estetik sunar. Her par\u00e7a, kendine \u00f6zg\u00fc desenleriyle farkl\u0131 bir karakter ta\u015f\u0131r ve bulundu\u011fu ortama s\u0131cakl\u0131k katar.<\/p>\n<p data-start=\"766\" data-end=\"1098\">44 cm y\u00fcksekli\u011fi ve kompakt tasar\u0131m\u0131 sayesinde hem masa \u00fcst\u00fcnde hem de raflarda rahatl\u0131kla kullan\u0131labilen TIKKU, sadece bir ayd\u0131nlatma arac\u0131 de\u011fil ayn\u0131 zamanda dekoratif bir sanat eseridir. <strong data-start=\"956\" data-end=\"982\">El yap\u0131m\u0131 ah\u015fap abajur<\/strong>, hem klasik hem de modern dekorasyon stilleriyle uyum sa\u011flayarak ya\u015fam alan\u0131n\u0131za huzurlu bir atmosfer kazand\u0131r\u0131r.<\/p>\n<p data-start=\"1100\" data-end=\"1306\">Enerji tasarruflu LED uyumlu yap\u0131s\u0131 sayesinde uzun \u00f6m\u00fcrl\u00fc kullan\u0131m sunar. Zarif formu, do\u011fal malzemeleri ve i\u015flevselli\u011fiyle TIKKU Mazel kaplama abajur, evinizin en dikkat \u00e7ekici par\u00e7alar\u0131ndan biri olacak.<\/p>","protected":false},"excerpt":{"rendered":"<p>TIKKU Mazel Kaplama El Yap\u0131m\u0131 Abajur, do\u011fall\u0131\u011f\u0131n ve zarafetin modern ya\u015fam alanlar\u0131na ta\u015f\u0131nd\u0131\u011f\u0131 \u00f6zel bir tasar\u0131md\u0131r. Usta ellerde \u015fekillenen bu<\/p>","protected":false},"featured_media":17161,"comment_status":"open","ping_status":"closed","template":"","meta":[],"product_brand":[386],"product_cat":[147,20],"product_tag":[398,399,404,402,403,401,400],"class_list":{"0":"post-16682","1":"product","2":"type-product","3":"status-publish","4":"has-post-thumbnail","6":"product_brand-sade-wooden-lights","7":"product_cat-masa-abajur","8":"product_cat-accessories","9":"product_tag-abajur","10":"product_tag-ahsap-lambader","11":"product_tag-aydinlatma","12":"product_tag-minimalist","13":"product_tag-modern","14":"product_tag-sade-abajur","15":"product_tag-sade-lamba","17":"first","18":"instock","19":"sale","20":"taxable","21":"shipping-taxable","22":"purchasable","23":"product-type-simple"},"_links":{"self":[{"href":"https:\/\/sadewoodenlights.com\/en\/wp-json\/wp\/v2\/product\/16682","targetHints":{"allow":["GET"]}}],"collection":[{"href":"https:\/\/sadewoodenlights.com\/en\/wp-json\/wp\/v2\/product"}],"about":[{"href":"https:\/\/sadewoodenlights.com\/en\/wp-json\/wp\/v2\/types\/product"}],"replies":[{"embeddable":true,"href":"https:\/\/sadewoodenlights.com\/en\/wp-json\/wp\/v2\/comments?post=16682"}],"version-history":[{"count":1,"href":"https:\/\/sadewoodenlights.com\/en\/wp-json\/wp\/v2\/product\/16682\/revisions"}],"predecessor-version":[{"id":16685,"href":"https:\/\/sadewoodenlights.com\/en\/wp-json\/wp\/v2\/product\/16682\/revisions\/16685"}],"wp:featuredmedia":[{"embeddable":true,"href":"https:\/\/sadewoodenlights.com\/en\/wp-json\/wp\/v2\/media\/17161"}],"wp:attachment":[{"href":"https:\/\/sadewoodenlights.com\/en\/wp-json\/wp\/v2\/media?parent=16682"}],"wp:term":[{"taxonomy":"product_brand","embeddable":true,"href":"https:\/\/sadewoodenlights.com\/en\/wp-json\/wp\/v2\/product_brand?post=16682"},{"taxonomy":"product_cat","embeddable":true,"href":"https:\/\/sadewoodenlights.com\/en\/wp-json\/wp\/v2\/product_cat?post=16682"},{"taxonomy":"product_tag","embeddable":true,"href":"https:\/\/sadewoodenlights.com\/en\/wp-json\/wp\/v2\/product_tag?post=16682"}],"curies":[{"name":"wp","href":"https:\/\/api.w.org\/{rel}","templated":true}]}}