{"id":16686,"date":"2025-09-08T18:50:32","date_gmt":"2025-09-08T15:50:32","guid":{"rendered":"https:\/\/sadewoodenlights.com\/?post_type=product&#038;p=16686"},"modified":"2026-04-02T23:20:20","modified_gmt":"2026-04-02T20:20:20","slug":"tikku-renkli-dis-budak-kaplama-el-yapimi-abajur","status":"publish","type":"product","link":"https:\/\/sadewoodenlights.com\/en\/tikku-renkli-dis-budak-kaplama-el-yapimi-abajur\/","title":{"rendered":"TIKKU Handmade Colored Ash Veneer Lampshade"},"content":{"rendered":"<p data-start=\"453\" data-end=\"728\"><strong data-start=\"453\" data-end=\"504\">TIKKU Handmade Colored Ash Veneer Lampshade<\/strong>, blending nature's unique colors and the elegant texture of wood with modern design. This desktop lampshade, crafted with attention to every detail, <strong data-start=\"634\" data-end=\"664\">Colored Ash Veneer<\/strong> provides eye-catching motifs and an inherent vitality.<\/p>\n<p data-start=\"730\" data-end=\"1075\">TIKKU, engineered in a diminutive form with a 44 cm stature, is suitable for effortless placement on tabletops or shelving. Its artisan-made construction transforms each shade from a mere light source into a distinct sculptural piece. <strong data-start=\"973\" data-end=\"1001\">Natural Wood Table Lamp<\/strong>, adds warmth, elegance, and unique character to your living spaces.<\/p>\n<p data-start=\"1077\" data-end=\"1353\">Harmonizing with modern, classic, and rustic decor styles, the TIKKU Colored Ash Veneer lampshade offers a long-lasting and energy-efficient lighting experience thanks to its LED-compatible construction. This special design, which blends elegance and functionality, will transform your home's atmosphere.<\/p>","protected":false},"excerpt":{"rendered":"<p>TIKKU Renkli Di\u015f Budak Kaplama El Yap\u0131m\u0131 Abajur, do\u011fan\u0131n e\u015fsiz renklerini ve ah\u015fab\u0131n zarif dokusunu modern tasar\u0131mla bulu\u015fturuyor. Her detay\u0131<\/p>","protected":false},"featured_media":17159,"comment_status":"open","ping_status":"closed","template":"","meta":[],"product_brand":[386],"product_cat":[147,20],"product_tag":[398,404,397,402,403,401,400],"class_list":{"0":"post-16686","1":"product","2":"type-product","3":"status-publish","4":"has-post-thumbnail","6":"product_brand-sade-wooden-lights","7":"product_cat-masa-abajur","8":"product_cat-accessories","9":"product_tag-abajur","10":"product_tag-aydinlatma","11":"product_tag-masa-abajuru","12":"product_tag-minimalist","13":"product_tag-modern","14":"product_tag-sade-abajur","15":"product_tag-sade-lamba","17":"first","18":"instock","19":"sale","20":"taxable","21":"shipping-taxable","22":"purchasable","23":"product-type-simple"},"_links":{"self":[{"href":"https:\/\/sadewoodenlights.com\/en\/wp-json\/wp\/v2\/product\/16686","targetHints":{"allow":["GET"]}}],"collection":[{"href":"https:\/\/sadewoodenlights.com\/en\/wp-json\/wp\/v2\/product"}],"about":[{"href":"https:\/\/sadewoodenlights.com\/en\/wp-json\/wp\/v2\/types\/product"}],"replies":[{"embeddable":true,"href":"https:\/\/sadewoodenlights.com\/en\/wp-json\/wp\/v2\/comments?post=16686"}],"version-history":[{"count":1,"href":"https:\/\/sadewoodenlights.com\/en\/wp-json\/wp\/v2\/product\/16686\/revisions"}],"predecessor-version":[{"id":16690,"href":"https:\/\/sadewoodenlights.com\/en\/wp-json\/wp\/v2\/product\/16686\/revisions\/16690"}],"wp:featuredmedia":[{"embeddable":true,"href":"https:\/\/sadewoodenlights.com\/en\/wp-json\/wp\/v2\/media\/17159"}],"wp:attachment":[{"href":"https:\/\/sadewoodenlights.com\/en\/wp-json\/wp\/v2\/media?parent=16686"}],"wp:term":[{"taxonomy":"product_brand","embeddable":true,"href":"https:\/\/sadewoodenlights.com\/en\/wp-json\/wp\/v2\/product_brand?post=16686"},{"taxonomy":"product_cat","embeddable":true,"href":"https:\/\/sadewoodenlights.com\/en\/wp-json\/wp\/v2\/product_cat?post=16686"},{"taxonomy":"product_tag","embeddable":true,"href":"https:\/\/sadewoodenlights.com\/en\/wp-json\/wp\/v2\/product_tag?post=16686"}],"curies":[{"name":"wp","href":"https:\/\/api.w.org\/{rel}","templated":true}]}}