{"id":16691,"date":"2025-09-08T19:07:47","date_gmt":"2025-09-08T16:07:47","guid":{"rendered":"https:\/\/sadewoodenlights.com\/?post_type=product&#038;p=16691"},"modified":"2026-04-02T23:13:13","modified_gmt":"2026-04-02T20:13:13","slug":"liekki-mazel-kaplama-masa-abajur","status":"publish","type":"product","link":"https:\/\/sadewoodenlights.com\/en\/liekki-mazel-kaplama-masa-abajur\/","title":{"rendered":"LIEKKI Mazel Veneer Table Lampshade (43 cm)"},"content":{"rendered":"<p data-start=\"415\" data-end=\"666\"><strong data-start=\"415\" data-end=\"451\">LIEKKI Mazel Kaplama Masa Abajur<\/strong>, do\u011fadan ilham alan zarif tasar\u0131m\u0131yla ya\u015fam alanlar\u0131n\u0131za s\u0131cakl\u0131k ve \u00f6zg\u00fcnl\u00fck kat\u0131yor. Usta ellerde i\u015flenen <strong data-start=\"560\" data-end=\"583\">Mazel ah\u015fap kaplama<\/strong>, kendine \u00f6zg\u00fc desenleri ve do\u011fal dokusuyla her abajuru benzersiz hale getiriyor.<\/p>\n<p data-start=\"668\" data-end=\"966\">Kompakt formu sayesinde masa \u00fcst\u00fcnde, komodinde veya raflarda rahatl\u0131kla kullan\u0131labilen bu el yap\u0131m\u0131 abajur, sadece i\u015flevsel bir ayd\u0131nlatma de\u011fil ayn\u0131 zamanda dekoratif bir obje olarak da \u00f6ne \u00e7\u0131k\u0131yor. <strong data-start=\"869\" data-end=\"891\">Do\u011fal ah\u015fap abajur<\/strong>, modern, klasik ve rustik dekorasyon stilleriyle m\u00fckemmel uyum sa\u011fl\u0131yor.<\/p>\n<p data-start=\"968\" data-end=\"1193\">Energy-efficient <strong data-start=\"986\" data-end=\"1007\">LED uyumlu yap\u0131s\u0131<\/strong>, uzun \u00f6m\u00fcrl\u00fc kullan\u0131m ve verimli ayd\u0131nlatma imkan\u0131 sunar. Sade \u00e7izgileri ve Mazel kaplamas\u0131n\u0131n e\u015fsiz desenleriyle LIEKKI masa lambas\u0131, evinizin en \u00f6zel k\u00f6\u015fesine \u015f\u0131kl\u0131k ve huzur katar.<\/p>","protected":false},"excerpt":{"rendered":"<p>LIEKKI Mazel Kaplama Masa Abajur, do\u011fadan ilham alan zarif tasar\u0131m\u0131yla ya\u015fam alanlar\u0131n\u0131za s\u0131cakl\u0131k ve \u00f6zg\u00fcnl\u00fck kat\u0131yor. Usta ellerde i\u015flenen Mazel<\/p>","protected":false},"featured_media":17113,"comment_status":"open","ping_status":"closed","template":"","meta":[],"product_brand":[386],"product_cat":[147,20],"product_tag":[398,399,404,397,402,401,400],"class_list":{"0":"post-16691","1":"product","2":"type-product","3":"status-publish","4":"has-post-thumbnail","6":"product_brand-sade-wooden-lights","7":"product_cat-masa-abajur","8":"product_cat-accessories","9":"product_tag-abajur","10":"product_tag-ahsap-lambader","11":"product_tag-aydinlatma","12":"product_tag-masa-abajuru","13":"product_tag-minimalist","14":"product_tag-sade-abajur","15":"product_tag-sade-lamba","17":"first","18":"instock","19":"sale","20":"taxable","21":"shipping-taxable","22":"purchasable","23":"product-type-simple"},"_links":{"self":[{"href":"https:\/\/sadewoodenlights.com\/en\/wp-json\/wp\/v2\/product\/16691","targetHints":{"allow":["GET"]}}],"collection":[{"href":"https:\/\/sadewoodenlights.com\/en\/wp-json\/wp\/v2\/product"}],"about":[{"href":"https:\/\/sadewoodenlights.com\/en\/wp-json\/wp\/v2\/types\/product"}],"replies":[{"embeddable":true,"href":"https:\/\/sadewoodenlights.com\/en\/wp-json\/wp\/v2\/comments?post=16691"}],"version-history":[{"count":2,"href":"https:\/\/sadewoodenlights.com\/en\/wp-json\/wp\/v2\/product\/16691\/revisions"}],"predecessor-version":[{"id":16699,"href":"https:\/\/sadewoodenlights.com\/en\/wp-json\/wp\/v2\/product\/16691\/revisions\/16699"}],"wp:featuredmedia":[{"embeddable":true,"href":"https:\/\/sadewoodenlights.com\/en\/wp-json\/wp\/v2\/media\/17113"}],"wp:attachment":[{"href":"https:\/\/sadewoodenlights.com\/en\/wp-json\/wp\/v2\/media?parent=16691"}],"wp:term":[{"taxonomy":"product_brand","embeddable":true,"href":"https:\/\/sadewoodenlights.com\/en\/wp-json\/wp\/v2\/product_brand?post=16691"},{"taxonomy":"product_cat","embeddable":true,"href":"https:\/\/sadewoodenlights.com\/en\/wp-json\/wp\/v2\/product_cat?post=16691"},{"taxonomy":"product_tag","embeddable":true,"href":"https:\/\/sadewoodenlights.com\/en\/wp-json\/wp\/v2\/product_tag?post=16691"}],"curies":[{"name":"wp","href":"https:\/\/api.w.org\/{rel}","templated":true}]}}