{"id":16703,"date":"2025-09-08T19:18:12","date_gmt":"2025-09-08T16:18:12","guid":{"rendered":"https:\/\/sadewoodenlights.com\/?post_type=product&#038;p=16703"},"modified":"2026-04-02T22:48:19","modified_gmt":"2026-04-02T19:48:19","slug":"liekki-laurel-kaplama-masa-abajur","status":"publish","type":"product","link":"https:\/\/sadewoodenlights.com\/en\/liekki-laurel-kaplama-masa-abajur\/","title":{"rendered":"LIEKKI Laurel Veneer Table Lampshade (43 cm)"},"content":{"rendered":"<p data-start=\"405\" data-end=\"664\"><strong data-start=\"405\" data-end=\"442\">LIEKKI Laurel Veneer Table Lampshade<\/strong>\" , do\u011fan\u0131n zarif dokusunu modern tasar\u0131mla bulu\u015fturan \u00f6zel bir el yap\u0131m\u0131 tasar\u0131md\u0131r. \u00d6zenle se\u00e7ilen\" ifadesinin \u0130ngilizce \u00e7evirisi ve se\u00e7enekleri: <strong data-start=\"541\" data-end=\"559\">Laurel Wood Veneer<\/strong>, makes every lampshade distinct with its unique patterns and brings a sophisticated aesthetic to the environment it is placed in.<\/p>\n<p data-start=\"666\" data-end=\"1011\">Thanks to its compact size, it can be easily used on a desk, bedside table, or shelves. This handcrafted table lamp is not just a lighting fixture but also a decorative piece of art. <strong data-start=\"882\" data-end=\"910\">Natural Wood Table Lamp<\/strong>, harmonizes with modern, classic, and rustic decor styles, bringing a peaceful atmosphere to your home.<\/p>\n<p data-start=\"1013\" data-end=\"1239\">Energy-efficient <strong data-start=\"1031\" data-end=\"1052\">LED uyumlu yap\u0131s\u0131<\/strong>, hem \u00e7evre dostu hem de uzun \u00f6m\u00fcrl\u00fc bir kullan\u0131m sunar. LIEKKI Laurel kaplama abajur, \u015f\u0131kl\u0131k ve i\u015flevselli\u011fi bir araya getirerek evinizin en dikkat \u00e7ekici aksesuarlar\u0131ndan biri olacak.<\/p>","protected":false},"excerpt":{"rendered":"<p>LIEKKI Laurel Kaplama Masa Abajur, do\u011fan\u0131n zarif dokusunu modern tasar\u0131mla bulu\u015fturan \u00f6zel bir el yap\u0131m\u0131 tasar\u0131md\u0131r. \u00d6zenle se\u00e7ilen Laurel kaplama,<\/p>","protected":false},"featured_media":17117,"comment_status":"open","ping_status":"closed","template":"","meta":[],"product_brand":[386],"product_cat":[147,20],"product_tag":[398,399,397,402,403,401,400],"class_list":{"0":"post-16703","1":"product","2":"type-product","3":"status-publish","4":"has-post-thumbnail","6":"product_brand-sade-wooden-lights","7":"product_cat-masa-abajur","8":"product_cat-accessories","9":"product_tag-abajur","10":"product_tag-ahsap-lambader","11":"product_tag-masa-abajuru","12":"product_tag-minimalist","13":"product_tag-modern","14":"product_tag-sade-abajur","15":"product_tag-sade-lamba","17":"first","18":"instock","19":"sale","20":"taxable","21":"shipping-taxable","22":"purchasable","23":"product-type-simple"},"_links":{"self":[{"href":"https:\/\/sadewoodenlights.com\/en\/wp-json\/wp\/v2\/product\/16703","targetHints":{"allow":["GET"]}}],"collection":[{"href":"https:\/\/sadewoodenlights.com\/en\/wp-json\/wp\/v2\/product"}],"about":[{"href":"https:\/\/sadewoodenlights.com\/en\/wp-json\/wp\/v2\/types\/product"}],"replies":[{"embeddable":true,"href":"https:\/\/sadewoodenlights.com\/en\/wp-json\/wp\/v2\/comments?post=16703"}],"version-history":[{"count":3,"href":"https:\/\/sadewoodenlights.com\/en\/wp-json\/wp\/v2\/product\/16703\/revisions"}],"predecessor-version":[{"id":16706,"href":"https:\/\/sadewoodenlights.com\/en\/wp-json\/wp\/v2\/product\/16703\/revisions\/16706"}],"wp:featuredmedia":[{"embeddable":true,"href":"https:\/\/sadewoodenlights.com\/en\/wp-json\/wp\/v2\/media\/17117"}],"wp:attachment":[{"href":"https:\/\/sadewoodenlights.com\/en\/wp-json\/wp\/v2\/media?parent=16703"}],"wp:term":[{"taxonomy":"product_brand","embeddable":true,"href":"https:\/\/sadewoodenlights.com\/en\/wp-json\/wp\/v2\/product_brand?post=16703"},{"taxonomy":"product_cat","embeddable":true,"href":"https:\/\/sadewoodenlights.com\/en\/wp-json\/wp\/v2\/product_cat?post=16703"},{"taxonomy":"product_tag","embeddable":true,"href":"https:\/\/sadewoodenlights.com\/en\/wp-json\/wp\/v2\/product_tag?post=16703"}],"curies":[{"name":"wp","href":"https:\/\/api.w.org\/{rel}","templated":true}]}}